{"id":362,"date":"2026-01-14T16:58:57","date_gmt":"2026-01-14T16:58:57","guid":{"rendered":"https:\/\/frascole.it\/?page_id=362"},"modified":"2026-01-20T17:37:01","modified_gmt":"2026-01-20T17:37:01","slug":"wer-wir-sind","status":"publish","type":"page","link":"https:\/\/frascole.it\/de\/wer-wir-sind\/","title":{"rendered":"Wer wir sind"},"content":{"rendered":"<div data-elementor-type=\"wp-page\" data-elementor-id=\"362\" class=\"elementor elementor-362\" data-elementor-post-type=\"page\">\n\t\t\t\t<div class=\"elementor-element elementor-element-197074d e-flex e-con-boxed e-con e-parent\" data-id=\"197074d\" data-element_type=\"container\" data-e-type=\"container\" data-settings=\"{&quot;background_background&quot;:&quot;classic&quot;}\">\n\t\t\t\t\t<div class=\"e-con-inner\">\n\t\t\t\t<div class=\"elementor-element elementor-element-52ff136 elementor-widget elementor-widget-heading\" data-id=\"52ff136\" data-element_type=\"widget\" data-e-type=\"widget\" data-widget_type=\"heading.default\">\n\t\t\t\t\t<h6 class=\"elementor-heading-title elementor-size-default\">Unsere Geschichte<\/h6>\t\t\t\t<\/div>\n\t\t\t\t<div class=\"elementor-element elementor-element-c426131 elementor-widget elementor-widget-heading\" data-id=\"c426131\" data-element_type=\"widget\" data-e-type=\"widget\" data-widget_type=\"heading.default\">\n\t\t\t\t\t<h1 class=\"elementor-heading-title elementor-size-default\">Wer wir sind<\/h1>\t\t\t\t<\/div>\n\t\t\t\t\t<\/div>\n\t\t\t\t<\/div>\n\t\t<div class=\"elementor-element elementor-element-07059fa e-flex e-con-boxed e-con e-parent\" data-id=\"07059fa\" data-element_type=\"container\" data-e-type=\"container\" data-settings=\"{&quot;background_background&quot;:&quot;classic&quot;}\">\n\t\t\t\t\t<div class=\"e-con-inner\">\n\t\t\t\t<div class=\"elementor-element elementor-element-db6575e elementor-widget__width-inherit elementor-widget elementor-widget-image\" data-id=\"db6575e\" data-element_type=\"widget\" data-e-type=\"widget\" data-widget_type=\"image.default\">\n\t\t\t\t\t\t\t\t\t\t\t\t\t\t\t<img fetchpriority=\"high\" decoding=\"async\" width=\"2560\" height=\"173\" src=\"https:\/\/frascole.it\/wp-content\/uploads\/panorama-frascole-separatore-divider-scaled.webp\" class=\"attachment-full size-full wp-image-275\" alt=\"\" srcset=\"https:\/\/frascole.it\/wp-content\/uploads\/panorama-frascole-separatore-divider-scaled.webp 2560w, https:\/\/frascole.it\/wp-content\/uploads\/panorama-frascole-separatore-divider-300x20.webp 300w, https:\/\/frascole.it\/wp-content\/uploads\/panorama-frascole-separatore-divider-1024x69.webp 1024w, https:\/\/frascole.it\/wp-content\/uploads\/panorama-frascole-separatore-divider-768x52.webp 768w, https:\/\/frascole.it\/wp-content\/uploads\/panorama-frascole-separatore-divider-1536x104.webp 1536w, https:\/\/frascole.it\/wp-content\/uploads\/panorama-frascole-separatore-divider-2048x138.webp 2048w\" sizes=\"(max-width: 2560px) 100vw, 2560px\" \/>\t\t\t\t\t\t\t\t\t\t\t\t\t\t\t<\/div>\n\t\t\t\t\t<\/div>\n\t\t\t\t<\/div>\n\t\t<div class=\"elementor-element elementor-element-66e1b07 e-con-full e-flex e-con e-parent\" data-id=\"66e1b07\" data-element_type=\"container\" data-e-type=\"container\">\n\t\t<div class=\"elementor-element elementor-element-bf1f5e8 e-con-full e-flex e-con e-child\" data-id=\"bf1f5e8\" data-element_type=\"container\" data-e-type=\"container\">\n\t\t\t\t<div class=\"elementor-element elementor-element-999efc8 elementor-widget elementor-widget-heading\" data-id=\"999efc8\" data-element_type=\"widget\" data-e-type=\"widget\" data-widget_type=\"heading.default\">\n\t\t\t\t\t<h6 class=\"elementor-heading-title elementor-size-default\">Unsere Geschichte<\/h6>\t\t\t\t<\/div>\n\t\t\t\t<div class=\"elementor-element elementor-element-7e4380b elementor-widget elementor-widget-heading\" data-id=\"7e4380b\" data-element_type=\"widget\" data-e-type=\"widget\" data-widget_type=\"heading.default\">\n\t\t\t\t\t<h2 class=\"elementor-heading-title elementor-size-default\">Tiefe Wurzeln<\/h2>\t\t\t\t<\/div>\n\t\t\t\t<div class=\"elementor-element elementor-element-ba4b00b elementor-widget elementor-widget-text-editor\" data-id=\"ba4b00b\" data-element_type=\"widget\" data-e-type=\"widget\" data-widget_type=\"text-editor.default\">\n\t\t\t\t\t\t\t\t\t<p>Frascole, ein Grenzgebiet. Nur wenige Schritte durch die Weinberge oder in das kleine Weingut hinein, und das Panorama \u00e4ndert sich v\u00f6llig: Der Blick schweift \u00fcber das Mugello oder das Valdisieve, mit den fernen H\u00fcgeln, die Florenz umgeben. Bedeutende arch\u00e4ologische Funde zeugen vom Weinbau auf diesem Boden, der bis zu den Etruskern und sp\u00e4ter den Comana zur\u00fcckreicht.<\/p>\t\t\t\t\t\t\t\t<\/div>\n\t\t\t\t<div class=\"elementor-element elementor-element-849bf48 elementor-invisible elementor-widget elementor-widget-image\" data-id=\"849bf48\" data-element_type=\"widget\" data-e-type=\"widget\" data-settings=\"{&quot;_animation&quot;:&quot;slideInLeft&quot;}\" data-widget_type=\"image.default\">\n\t\t\t\t\t\t\t\t\t\t\t\t\t\t\t<img decoding=\"async\" width=\"800\" height=\"534\" src=\"https:\/\/frascole.it\/wp-content\/uploads\/IMG_7836-scaled-1-1024x683.webp\" class=\"attachment-large size-large wp-image-134\" alt=\"\" srcset=\"https:\/\/frascole.it\/wp-content\/uploads\/IMG_7836-scaled-1-1024x683.webp 1024w, https:\/\/frascole.it\/wp-content\/uploads\/IMG_7836-scaled-1-300x200.webp 300w, https:\/\/frascole.it\/wp-content\/uploads\/IMG_7836-scaled-1-768x512.webp 768w, https:\/\/frascole.it\/wp-content\/uploads\/IMG_7836-scaled-1-1536x1024.webp 1536w, https:\/\/frascole.it\/wp-content\/uploads\/IMG_7836-scaled-1.webp 1800w\" sizes=\"(max-width: 800px) 100vw, 800px\" \/>\t\t\t\t\t\t\t\t\t\t\t\t\t\t\t<\/div>\n\t\t\t\t<\/div>\n\t\t<div class=\"elementor-element elementor-element-4949d0e e-con-full e-flex e-con e-child\" data-id=\"4949d0e\" data-element_type=\"container\" data-e-type=\"container\">\n\t\t\t\t<div class=\"elementor-element elementor-element-bbfd30e elementor-invisible elementor-widget elementor-widget-image\" data-id=\"bbfd30e\" data-element_type=\"widget\" data-e-type=\"widget\" data-settings=\"{&quot;_animation&quot;:&quot;slideInRight&quot;}\" data-widget_type=\"image.default\">\n\t\t\t\t\t\t\t\t\t\t\t\t\t\t\t<img decoding=\"async\" width=\"800\" height=\"600\" src=\"https:\/\/frascole.it\/wp-content\/uploads\/panorama-venia-nebbia-scaled-1-1024x768.webp\" class=\"attachment-large size-large wp-image-161\" alt=\"\" srcset=\"https:\/\/frascole.it\/wp-content\/uploads\/panorama-venia-nebbia-scaled-1-1024x768.webp 1024w, https:\/\/frascole.it\/wp-content\/uploads\/panorama-venia-nebbia-scaled-1-300x225.webp 300w, https:\/\/frascole.it\/wp-content\/uploads\/panorama-venia-nebbia-scaled-1-768x576.webp 768w, https:\/\/frascole.it\/wp-content\/uploads\/panorama-venia-nebbia-scaled-1-1536x1152.webp 1536w, https:\/\/frascole.it\/wp-content\/uploads\/panorama-venia-nebbia-scaled-1.webp 1600w\" sizes=\"(max-width: 800px) 100vw, 800px\" \/>\t\t\t\t\t\t\t\t\t\t\t\t\t\t\t<\/div>\n\t\t\t\t<div class=\"elementor-element elementor-element-4edb2b7 elementor-widget elementor-widget-text-editor\" data-id=\"4edb2b7\" data-element_type=\"widget\" data-e-type=\"widget\" data-widget_type=\"text-editor.default\">\n\t\t\t\t\t\t\t\t\t<p data-start=\"184\" data-end=\"514\">Hier oben, zwischen 300 und 500 Metern, wo die klimatischen Bedingungen des Chianti Rufina extrem sind, entstehen handwerklich hergestellte Weine, die vom Weinberg \u00fcber den Keller bis in die Flasche begleitet werden.<br \/>Rot- und Wei\u00dfweine werden sowohl aus einheimischen Rebsorten wie Sangiovese und Trebbiano als auch aus nicht-einheimischen Sorten hergestellt, die, wenn sie diesem Boden ausgesetzt werden, faszinierende Eigenschaften offenbaren.<\/p>\t\t\t\t\t\t\t\t<\/div>\n\t\t\t\t<div class=\"elementor-element elementor-element-734c810 elementor-widget elementor-widget-text-editor\" data-id=\"734c810\" data-element_type=\"widget\" data-e-type=\"widget\" data-widget_type=\"text-editor.default\">\n\t\t\t\t\t\t\t\t\t<p data-start=\"184\" data-end=\"514\">Der Weg jeder einzelnen Flasche wird sorgf\u00e4ltig \u00fcberwacht, um ihre einzigartigen Eigenschaften zu gew\u00e4hrleisten. Das kostbarste \u00d6l, der Vinsanto DOC aus Trebbiano-Trauben, ben\u00f6tigt \u00fcber zehn Jahre f\u00fcr seine Reifung. Auf denselben H\u00fcgeln wachsen die Olivenb\u00e4ume, aus denen das native Oliven\u00f6l extra gepresst wird.<\/p>\t\t\t\t\t\t\t\t<\/div>\n\t\t\t\t<\/div>\n\t\t\t\t<\/div>\n\t\t<div class=\"elementor-element elementor-element-8cdc23d e-flex e-con-boxed e-con e-parent\" data-id=\"8cdc23d\" data-element_type=\"container\" data-e-type=\"container\">\n\t\t\t\t\t<div class=\"e-con-inner\">\n\t\t<div class=\"elementor-element elementor-element-04d0cb3 e-con-full e-flex e-con e-child\" data-id=\"04d0cb3\" data-element_type=\"container\" data-e-type=\"container\">\n\t\t\t\t<div class=\"elementor-element elementor-element-aae7ba4 elementor-widget elementor-widget-text-editor\" data-id=\"aae7ba4\" data-element_type=\"widget\" data-e-type=\"widget\" data-widget_type=\"text-editor.default\">\n\t\t\t\t\t\t\t\t\t<p>Seit 1992 widmen sich die Familien Lippi und Santoni mit gro\u00dfem Engagement der Wein- und Oliven\u00f6lproduktion und respektieren dabei Landschaft und Natur. Die Weine und das Oliven\u00f6l werden stets biologisch angebaut und sind seit 1999 bio-zertifiziert.<\/p>\n<p>Das kleine mittelalterliche Dorf, in dem sich das Weingut befindet, bietet auch Platz f\u00fcr diejenigen, die einen Urlaub auf einem Bauernhof inmitten der Natur verbringen m\u00f6chten, aber dennoch die Wunder der toskanischen Kultur in unmittelbarer N\u00e4he haben wollen.<\/p>\n<p>Die Sch\u00f6nheit und Ruhe des Ortes lassen sich dank der renovierten alten H\u00e4user genie\u00dfen, von denen jedes v\u00f6llig unabh\u00e4ngig ist und \u00fcber einen eigenen Garten verf\u00fcgt. Der Swimmingpool steht ausschlie\u00dflich den G\u00e4sten zur Verf\u00fcgung und liegt inmitten von Weinbergen, Olivenb\u00e4umen und Wildpflanzen mit einem herrlichen Blick auf die umliegende Landschaft und die W\u00e4lder.<\/p>\t\t\t\t\t\t\t\t<\/div>\n\t\t\t\t<\/div>\n\t\t<div class=\"elementor-element elementor-element-9ee0ae6 e-con-full e-flex e-con e-child\" data-id=\"9ee0ae6\" data-element_type=\"container\" data-e-type=\"container\">\n\t\t\t\t<div class=\"elementor-element elementor-element-99d7c55 elementor-invisible elementor-widget elementor-widget-image\" data-id=\"99d7c55\" data-element_type=\"widget\" data-e-type=\"widget\" data-settings=\"{&quot;_animation&quot;:&quot;slideInRight&quot;}\" data-widget_type=\"image.default\">\n\t\t\t\t\t\t\t\t\t\t\t\t\t\t\t<img loading=\"lazy\" decoding=\"async\" width=\"800\" height=\"533\" src=\"https:\/\/frascole.it\/wp-content\/uploads\/sauvignon1-Large-1024x682.webp\" class=\"attachment-large size-large wp-image-181\" alt=\"\" srcset=\"https:\/\/frascole.it\/wp-content\/uploads\/sauvignon1-Large-1024x682.webp 1024w, https:\/\/frascole.it\/wp-content\/uploads\/sauvignon1-Large-300x200.webp 300w, https:\/\/frascole.it\/wp-content\/uploads\/sauvignon1-Large-768x512.webp 768w, https:\/\/frascole.it\/wp-content\/uploads\/sauvignon1-Large.webp 1280w\" sizes=\"(max-width: 800px) 100vw, 800px\" \/>\t\t\t\t\t\t\t\t\t\t\t\t\t\t\t<\/div>\n\t\t\t\t<\/div>\n\t\t\t\t\t<\/div>\n\t\t\t\t<\/div>\n\t\t\t\t<\/div>","protected":false},"excerpt":{"rendered":"<p>La nostra storia Chi siamo La nostra storia Radici profonde Frascole, una terra di confine. Pochi passi tra le vigne o nel piccolo borgo dell\u2019azienda e il panorama cambia completamente, affacciandosi sul Mugello o sulla Valdisieve, con lo sguardo verso quelle colline lontane che racchiudono Firenze. Importanti ritrovamenti archeologici testimoniano la coltivazione della vite su [&hellip;]<\/p>","protected":false},"author":1,"featured_media":0,"parent":0,"menu_order":0,"comment_status":"closed","ping_status":"closed","template":"","meta":{"_acf_changed":false,"footnotes":""},"class_list":["post-362","page","type-page","status-publish","hentry"],"acf":[],"yoast_head":"<!-- This site is optimized with the Yoast SEO plugin v27.0 - https:\/\/yoast.com\/product\/yoast-seo-wordpress\/ -->\n<title>Chi siamo - Frascole Cantina e Agriturismo<\/title>\n<meta name=\"description\" content=\"Scopri la storia dell&#039;Azienda Agricola Frascole a Dicomano. Passione, tradizione e agricoltura biologica nel cuore del Chianti Rufina. Eccellenza toscana dal 1992.\" \/>\n<meta name=\"robots\" content=\"index, follow, max-snippet:-1, max-image-preview:large, max-video-preview:-1\" \/>\n<link rel=\"canonical\" href=\"https:\/\/frascole.it\/de\/wer-wir-sind\/\" \/>\n<meta property=\"og:locale\" content=\"de_DE\" \/>\n<meta property=\"og:type\" content=\"article\" \/>\n<meta property=\"og:title\" content=\"Chi siamo - Frascole Cantina e Agriturismo\" \/>\n<meta property=\"og:description\" content=\"Scopri la storia dell&#039;Azienda Agricola Frascole a Dicomano. Passione, tradizione e agricoltura biologica nel cuore del Chianti Rufina. Eccellenza toscana dal 1992.\" \/>\n<meta property=\"og:url\" content=\"https:\/\/frascole.it\/de\/wer-wir-sind\/\" \/>\n<meta property=\"og:site_name\" content=\"Frascole Cantina e Agriturismo\" \/>\n<meta property=\"article:publisher\" content=\"https:\/\/www.facebook.com\/AziendaAgricolaFrascole\/\" \/>\n<meta property=\"article:modified_time\" content=\"2026-01-20T17:37:01+00:00\" \/>\n<meta property=\"og:image\" content=\"https:\/\/frascole.it\/wp-content\/uploads\/panorama-frascole-separatore-divider-scaled.webp\" \/>\n<meta name=\"twitter:card\" content=\"summary_large_image\" \/>\n<meta name=\"twitter:label1\" content=\"Gesch\u00e4tzte Lesezeit\" \/>\n\t<meta name=\"twitter:data1\" content=\"3\u00a0Minuten\" \/>\n<script type=\"application\/ld+json\" class=\"yoast-schema-graph\">{\"@context\":\"https:\/\/schema.org\",\"@graph\":[{\"@type\":\"WebPage\",\"@id\":\"https:\/\/frascole.it\/chi-siamo\/\",\"url\":\"https:\/\/frascole.it\/chi-siamo\/\",\"name\":\"Chi siamo - Frascole Cantina e Agriturismo\",\"isPartOf\":{\"@id\":\"https:\/\/frascole.it\/#website\"},\"primaryImageOfPage\":{\"@id\":\"https:\/\/frascole.it\/chi-siamo\/#primaryimage\"},\"image\":{\"@id\":\"https:\/\/frascole.it\/chi-siamo\/#primaryimage\"},\"thumbnailUrl\":\"https:\/\/frascole.it\/wp-content\/uploads\/panorama-frascole-separatore-divider-scaled.webp\",\"datePublished\":\"2026-01-14T16:58:57+00:00\",\"dateModified\":\"2026-01-20T17:37:01+00:00\",\"description\":\"Scopri la storia dell'Azienda Agricola Frascole a Dicomano. Passione, tradizione e agricoltura biologica nel cuore del Chianti Rufina. Eccellenza toscana dal 1992.\",\"breadcrumb\":{\"@id\":\"https:\/\/frascole.it\/chi-siamo\/#breadcrumb\"},\"inLanguage\":\"de\",\"potentialAction\":[{\"@type\":\"ReadAction\",\"target\":[\"https:\/\/frascole.it\/chi-siamo\/\"]}]},{\"@type\":\"ImageObject\",\"inLanguage\":\"de\",\"@id\":\"https:\/\/frascole.it\/chi-siamo\/#primaryimage\",\"url\":\"https:\/\/frascole.it\/wp-content\/uploads\/panorama-frascole-separatore-divider-scaled.webp\",\"contentUrl\":\"https:\/\/frascole.it\/wp-content\/uploads\/panorama-frascole-separatore-divider-scaled.webp\"},{\"@type\":\"BreadcrumbList\",\"@id\":\"https:\/\/frascole.it\/chi-siamo\/#breadcrumb\",\"itemListElement\":[{\"@type\":\"ListItem\",\"position\":1,\"name\":\"Home\",\"item\":\"https:\/\/frascole.it\/\"},{\"@type\":\"ListItem\",\"position\":2,\"name\":\"Chi siamo\"}]},{\"@type\":\"WebSite\",\"@id\":\"https:\/\/frascole.it\/#website\",\"url\":\"https:\/\/frascole.it\/\",\"name\":\"Frascole Cantina e Agriturismo\",\"description\":\"Degustazioni, agriturismo ed esperienze in Mugello.\",\"publisher\":{\"@id\":\"https:\/\/frascole.it\/#organization\"},\"potentialAction\":[{\"@type\":\"SearchAction\",\"target\":{\"@type\":\"EntryPoint\",\"urlTemplate\":\"https:\/\/frascole.it\/?s={search_term_string}\"},\"query-input\":{\"@type\":\"PropertyValueSpecification\",\"valueRequired\":true,\"valueName\":\"search_term_string\"}}],\"inLanguage\":\"de\"},{\"@type\":\"Organization\",\"@id\":\"https:\/\/frascole.it\/#organization\",\"name\":\"Frascole\",\"url\":\"https:\/\/frascole.it\/\",\"logo\":{\"@type\":\"ImageObject\",\"inLanguage\":\"de\",\"@id\":\"https:\/\/frascole.it\/#\/schema\/logo\/image\/\",\"url\":\"https:\/\/frascole.it\/wp-content\/uploads\/cropped-frascole-2025.webp\",\"contentUrl\":\"https:\/\/frascole.it\/wp-content\/uploads\/cropped-frascole-2025.webp\",\"width\":983,\"height\":281,\"caption\":\"Frascole\"},\"image\":{\"@id\":\"https:\/\/frascole.it\/#\/schema\/logo\/image\/\"},\"sameAs\":[\"https:\/\/www.facebook.com\/AziendaAgricolaFrascole\/\",\"https:\/\/www.instagram.com\/frascole\/\"]}]}<\/script>\n<!-- \/ Yoast SEO plugin. -->","yoast_head_json":{"title":"\u00dcber uns \u2013 Weingut und Bauernhof Frascole","description":"Entdecken Sie die Geschichte von Azienda Agricola Frascole in Dicomano. Leidenschaft, Tradition und \u00f6kologischer Landbau im Herzen des Chianti Rufina. Toskanische Exzellenz seit 1992.","robots":{"index":"index","follow":"follow","max-snippet":"max-snippet:-1","max-image-preview":"max-image-preview:large","max-video-preview":"max-video-preview:-1"},"canonical":"https:\/\/frascole.it\/de\/wer-wir-sind\/","og_locale":"de_DE","og_type":"article","og_title":"Chi siamo - Frascole Cantina e Agriturismo","og_description":"Scopri la storia dell'Azienda Agricola Frascole a Dicomano. Passione, tradizione e agricoltura biologica nel cuore del Chianti Rufina. Eccellenza toscana dal 1992.","og_url":"https:\/\/frascole.it\/de\/wer-wir-sind\/","og_site_name":"Frascole Cantina e Agriturismo","article_publisher":"https:\/\/www.facebook.com\/AziendaAgricolaFrascole\/","article_modified_time":"2026-01-20T17:37:01+00:00","og_image":[{"url":"https:\/\/frascole.it\/wp-content\/uploads\/panorama-frascole-separatore-divider-scaled.webp","type":"","width":"","height":""}],"twitter_card":"summary_large_image","twitter_misc":{"Gesch\u00e4tzte Lesezeit":"3\u00a0Minuten"},"schema":{"@context":"https:\/\/schema.org","@graph":[{"@type":"WebPage","@id":"https:\/\/frascole.it\/chi-siamo\/","url":"https:\/\/frascole.it\/chi-siamo\/","name":"\u00dcber uns \u2013 Weingut und Bauernhof Frascole","isPartOf":{"@id":"https:\/\/frascole.it\/#website"},"primaryImageOfPage":{"@id":"https:\/\/frascole.it\/chi-siamo\/#primaryimage"},"image":{"@id":"https:\/\/frascole.it\/chi-siamo\/#primaryimage"},"thumbnailUrl":"https:\/\/frascole.it\/wp-content\/uploads\/panorama-frascole-separatore-divider-scaled.webp","datePublished":"2026-01-14T16:58:57+00:00","dateModified":"2026-01-20T17:37:01+00:00","description":"Entdecken Sie die Geschichte von Azienda Agricola Frascole in Dicomano. Leidenschaft, Tradition und \u00f6kologischer Landbau im Herzen des Chianti Rufina. Toskanische Exzellenz seit 1992.","breadcrumb":{"@id":"https:\/\/frascole.it\/chi-siamo\/#breadcrumb"},"inLanguage":"de","potentialAction":[{"@type":"ReadAction","target":["https:\/\/frascole.it\/chi-siamo\/"]}]},{"@type":"ImageObject","inLanguage":"de","@id":"https:\/\/frascole.it\/chi-siamo\/#primaryimage","url":"https:\/\/frascole.it\/wp-content\/uploads\/panorama-frascole-separatore-divider-scaled.webp","contentUrl":"https:\/\/frascole.it\/wp-content\/uploads\/panorama-frascole-separatore-divider-scaled.webp"},{"@type":"BreadcrumbList","@id":"https:\/\/frascole.it\/chi-siamo\/#breadcrumb","itemListElement":[{"@type":"ListItem","position":1,"name":"Home","item":"https:\/\/frascole.it\/"},{"@type":"ListItem","position":2,"name":"Chi siamo"}]},{"@type":"WebSite","@id":"https:\/\/frascole.it\/#website","url":"https:\/\/frascole.it\/","name":"Frascole Keller und Bauernhaus","description":"Verkostungen, Agrotourismus und Erlebnisse im Mugello.","publisher":{"@id":"https:\/\/frascole.it\/#organization"},"potentialAction":[{"@type":"SearchAction","target":{"@type":"EntryPoint","urlTemplate":"https:\/\/frascole.it\/?s={search_term_string}"},"query-input":{"@type":"PropertyValueSpecification","valueRequired":true,"valueName":"search_term_string"}}],"inLanguage":"de"},{"@type":"Organization","@id":"https:\/\/frascole.it\/#organization","name":"Frascole","url":"https:\/\/frascole.it\/","logo":{"@type":"ImageObject","inLanguage":"de","@id":"https:\/\/frascole.it\/#\/schema\/logo\/image\/","url":"https:\/\/frascole.it\/wp-content\/uploads\/cropped-frascole-2025.webp","contentUrl":"https:\/\/frascole.it\/wp-content\/uploads\/cropped-frascole-2025.webp","width":983,"height":281,"caption":"Frascole"},"image":{"@id":"https:\/\/frascole.it\/#\/schema\/logo\/image\/"},"sameAs":["https:\/\/www.facebook.com\/AziendaAgricolaFrascole\/","https:\/\/www.instagram.com\/frascole\/"]}]}},"_links":{"self":[{"href":"https:\/\/frascole.it\/de\/wp-json\/wp\/v2\/pages\/362","targetHints":{"allow":["GET"]}}],"collection":[{"href":"https:\/\/frascole.it\/de\/wp-json\/wp\/v2\/pages"}],"about":[{"href":"https:\/\/frascole.it\/de\/wp-json\/wp\/v2\/types\/page"}],"author":[{"embeddable":true,"href":"https:\/\/frascole.it\/de\/wp-json\/wp\/v2\/users\/1"}],"replies":[{"embeddable":true,"href":"https:\/\/frascole.it\/de\/wp-json\/wp\/v2\/comments?post=362"}],"version-history":[{"count":16,"href":"https:\/\/frascole.it\/de\/wp-json\/wp\/v2\/pages\/362\/revisions"}],"predecessor-version":[{"id":697,"href":"https:\/\/frascole.it\/de\/wp-json\/wp\/v2\/pages\/362\/revisions\/697"}],"wp:attachment":[{"href":"https:\/\/frascole.it\/de\/wp-json\/wp\/v2\/media?parent=362"}],"curies":[{"name":"wp","href":"https:\/\/api.w.org\/{rel}","templated":true}]}}