{"id":659,"date":"2026-01-15T16:28:58","date_gmt":"2026-01-15T16:28:58","guid":{"rendered":"https:\/\/frascole.it\/dichiarazione-sulla-privacy-ue\/"},"modified":"2026-01-15T16:28:58","modified_gmt":"2026-01-15T16:28:58","slug":"eu-datenschutzerklarung","status":"publish","type":"page","link":"https:\/\/frascole.it\/de\/eu-datenschutzerklarung\/","title":{"rendered":"Datenschutzerkl\u00e4rung (EU)"},"content":{"rendered":"<!-- Legal document generated by Complianz | GDPR\/CCPA Cookie Consent https:\/\/wordpress.org\/plugins\/complianz-gdpr -->\n<div id=\"cmplz-document\" class=\"cmplz-document privacy-statement cmplz-document-eu\"><p><i>Diese Datenschutzerkl\u00e4rung wurde zuletzt am Januar 15, 2026 aktualisiert und gilt f\u00fcr B\u00fcrger und Personen mit st\u00e4ndigem Wohnsitz im Europ\u00e4ischen Wirtschaftsraum und der Schweiz.<\/i><br \/><br \/><\/p><p><p>In dieser Datenschutzerkl\u00e4rung erl\u00e4utern wir, was wir mit den Daten, die wir \u00fcber dich tun, erkl\u00e4ren <a href=\"https:\/\/frascole.it\/de\">https:\/\/frascole.it\/de<\/a> gesammelt haben, tun. Wir empfehlen Ihnen, dieses Dokument sorgf\u00e4ltig zu lesen. W\u00e4hrend unserer Verarbeitung entsprechen wir den gesetzlichen Anforderungen. Dies bedeutet unter anderem:<\/p><ul>\n                <li>Wir w\u00fcrden gerne die beiden Wege f\u00fcr unsere pers\u00f6nliche Datenverarbeitung kennen lernen, an. Dies geschieht durch diese Datenschutzerkl\u00e4rung.<\/li>\n                <li>Wir m\u00f6chten Sie dar\u00fcber informieren, dass Ihre personenbezogenen Daten Ihnen zur Verf\u00fcgung gestellt werden und dass diese Ihnen rechtm\u00e4\u00dfig \u00fcbermittelt werden.<\/li>\n                <li>Wir bitten Sie, die Details des Lochs zu erl\u00e4utern, falls Sie an keiner der Personen interessiert sind, an denen Sie interessiert sind.<\/li>\n                <li>Wir werden angemessene Sicherheitsma\u00dfnahmen ergreifen, um Ihre personenbezogenen Daten zu sch\u00fctzen und dies ebenso von Parteien zu verlangen, die personenbezogene Daten in unserem Auftrag verarbeiten.<\/li>\n                <li>Wir sind verantwortlich f\u00fcr das Recht auf das Recht, die rechtlichen Informationen oder die Informationen \u00fcber die betroffenen Personen.<\/li>\n            <\/ul><p>Wenn Sie Fragen haben oder wissen m\u00f6chten, welche pers\u00f6nlichen Daten \u00fcber Sie verf\u00fcgen, kontaktieren Sie uns bitte.<\/p><\/p><h2>1. Zweck, Daten und Aufbewahrungsfrist<\/h2>Wir k\u00f6nnen personenbezogene Daten f\u00fcr eine Reihe von Zwecken im Zusammenhang mit unserer Gesch\u00e4ftst\u00e4tigkeit sammeln oder erhalten, darunter die folgenden: (zum Vergr\u00f6\u00dfern anklicken)<details class=\"cmplz-dropdown dropdown-privacy-statement\"><summary><div><h3>1.1 Kontaktaufnahme \u2013 per Telefon, Post, E-Mail und\/oder Webformat<\/h3><\/div><\/summary><p class=\"cmplz-subtitle\">Dies ist das erste Mal, dass wir die folgenden Daten sehen:<\/p><p><ul><li>Ein Vor- und Nachname<\/li><li>Name oder Pseudonym des Kontos<\/li><li>Eine E-Mail-Adresse<\/li><li>In Zuhause oder andere physische Adresse, einschlie\u00dflich Stra\u00dfenname und Name der Stadt\/Ort<\/li><li>Eine Telefonnummer<\/li><li>IP-Adresse<\/li><li>Berstdatum<\/li><\/ul><\/p><p class=\"cmplz-subtitle\">Die Grundlage, auf der diese Daten verarbeitet werden k\u00f6nnen, ist:<\/p><p><a target=\"_blank\" rel=\"noopener noreferrer nofollow\" href=\"https:\/\/cookiedatabase.org\/legal-bases\/#consent\">N\u00e4chste Erkl\u00e4rung der Zustimmung.<\/a><\/p><p class=\"cmplz-subtitle\">Bewahrungsfrist<\/p><p>Wir speichern diese Daten bis zur Best\u00e4tigung des Dienstes.<\/p><\/details><details class=\"cmplz-dropdown dropdown-privacy-statement\"><summary><div><h3>1.2 Registrierung eines Kontos<\/h3><\/div><\/summary><p class=\"cmplz-subtitle\">Dies ist das erste Mal, dass wir die folgenden Daten sehen:<\/p><p><ul><li>Ein Vor- und Nachname<\/li><li>Name oder Pseudonym des Kontos<\/li><li>In Zuhause oder andere physische Adresse, einschlie\u00dflich Stra\u00dfenname und Name der Stadt\/Ort<\/li><li>Eine E-Mail-Adresse<\/li><li>Eine Telefonnummer<\/li><li>IP-Adresse<\/li><li>Berstdatum<\/li><\/ul><\/p><p class=\"cmplz-subtitle\">Die Grundlage, auf der diese Daten verarbeitet werden k\u00f6nnen, ist:<\/p><p><a target=\"_blank\" rel=\"noopener noreferrer nofollow\" href=\"https:\/\/cookiedatabase.org\/legal-bases\/#consent\">N\u00e4chste Erkl\u00e4rung der Zustimmung.<\/a><\/p><p class=\"cmplz-subtitle\">Bewahrungsfrist<\/p><p>Wir speichern diese Daten bis zur Best\u00e4tigung des Dienstes.<\/p><\/details><details class=\"cmplz-dropdown dropdown-privacy-statement\"><summary><div><h3>1.3 Zahlungen<\/h3><\/div><\/summary><p class=\"cmplz-subtitle\">Dies ist das erste Mal, dass wir die folgenden Daten sehen:<\/p><p><ul><li>Ein Vor- und Nachname<\/li><li>Name oder Pseudonym des Kontos<\/li><li>In Zuhause oder andere physische Adresse, einschlie\u00dflich Stra\u00dfenname und Name der Stadt\/Ort<\/li><li>Eine E-Mail-Adresse<\/li><li>Eine Telefonnummer<\/li><li>IP-Adresse<\/li><li>Informationen \u00fcber Internetaktivit\u00e4ten, ausnahmslos, Browseransicht, solche Ansicht und Informationen \u00fcber die Interaktion der Welt mit einer Internetseite, einem Programm oder einer Website<\/li><li>Berstdatum<\/li><\/ul><\/p><p class=\"cmplz-subtitle\">Die Grundlage, auf der diese Daten verarbeitet werden k\u00f6nnen, ist:<\/p><p><a target=\"_blank\" rel=\"noopener noreferrer nofollow\" href=\"https:\/\/cookiedatabase.org\/legal-bases\/#consent\">N\u00e4chste Erkl\u00e4rung der Zustimmung.<\/a><\/p><p class=\"cmplz-subtitle\">Bewahrungsfrist<\/p><p>Wir speichern diese Daten bis zur Best\u00e4tigung des Dienstes.<\/p><\/details><details class=\"cmplz-dropdown dropdown-privacy-statement\"><summary><div><h3>1.4 Rundschreiben<\/h3><\/div><\/summary><p class=\"cmplz-subtitle\">Dies ist das erste Mal, dass wir die folgenden Daten sehen:<\/p><p><ul><li>Ein Vor- und Nachname<\/li><li>Name oder Pseudonym des Kontos<\/li><li>Eine E-Mail-Adresse<\/li><li>Eine Telefonnummer<\/li><li>IP-Adresse<\/li><\/ul><\/p><p class=\"cmplz-subtitle\">Die Grundlage, auf der diese Daten verarbeitet werden k\u00f6nnen, ist:<\/p><p><a target=\"_blank\" rel=\"noopener noreferrer nofollow\" href=\"https:\/\/cookiedatabase.org\/legal-bases\/#consent\">N\u00e4chste Erkl\u00e4rung der Zustimmung.<\/a><\/p><p class=\"cmplz-subtitle\">Bewahrungsfrist<\/p><p>Wir speichern diese Daten bis zur Best\u00e4tigung des Dienstes.<\/p><\/details><details class=\"cmplz-dropdown dropdown-privacy-statement\"><summary><div><h3>1.5 Zur Unterst\u00fctzung von Dienstleistungen oder Produkten, die ein Kunde kaufen m\u00f6chte oder gekauft hat<\/h3><\/div><\/summary><p class=\"cmplz-subtitle\">Dies ist das erste Mal, dass wir die folgenden Daten sehen:<\/p><p><ul><li>Ein Vor- und Nachname<\/li><li>Name oder Pseudonym des Kontos<\/li><li>In Zuhause oder andere physische Adresse, einschlie\u00dflich Stra\u00dfenname und Name der Stadt\/Ort<\/li><li>Eine E-Mail-Adresse<\/li><li>Eine Telefonnummer<\/li><li>IP-Adresse<\/li><li>Berstdatum<\/li><\/ul><\/p><p class=\"cmplz-subtitle\">Die Grundlage, auf der diese Daten verarbeitet werden k\u00f6nnen, ist:<\/p><p><a target=\"_blank\" rel=\"noopener noreferrer nofollow\" href=\"https:\/\/cookiedatabase.org\/legal-bases\/#consent\">N\u00e4chste Erkl\u00e4rung der Zustimmung.<\/a><\/p><p class=\"cmplz-subtitle\">Bewahrungsfrist<\/p><p>Wir speichern diese Daten bis zur Best\u00e4tigung des Dienstes.<\/p><\/details><details class=\"cmplz-dropdown dropdown-privacy-statement\"><summary><div><h3>1.6 \u00dcberpr\u00fcfung und Analyse der Statistiken auf der Website.<\/h3><\/div><\/summary><p class=\"cmplz-subtitle\">Dies ist das erste Mal, dass wir die folgenden Daten sehen:<\/p><p><ul><li>IP-Adresse<\/li><li>Informationen \u00fcber Internetaktivit\u00e4ten, ausnahmslos, Browseransicht, solche Ansicht und Informationen \u00fcber die Interaktion der Welt mit einer Internetseite, einem Programm oder einer Website<\/li><li>Geolokalisierungsdaten<\/li><\/ul><\/p><p class=\"cmplz-subtitle\">Die Grundlage, auf der diese Daten verarbeitet werden k\u00f6nnen, ist:<\/p><p><a target=\"_blank\" rel=\"noopener noreferrer nofollow\" href=\"https:\/\/cookiedatabase.org\/legal-bases\/#consent\">N\u00e4chste Erkl\u00e4rung der Zustimmung.<\/a><\/p><p class=\"cmplz-subtitle\">Bewahrungsfrist<\/p><p>Wir speichern diese Daten bis zur Best\u00e4tigung des Dienstes.<\/p><\/details><details class=\"cmplz-dropdown dropdown-privacy-statement\"><summary><div><h3>1.7 Ein personalisiertes Produkt und individuelle Spezifikationen stehen Ihnen zur Verf\u00fcgung.<\/h3><\/div><\/summary><p class=\"cmplz-subtitle\">Dies ist das erste Mal, dass wir die folgenden Daten sehen:<\/p><p><ul><li>Ein Vor- und Nachname<\/li><li>Name oder Pseudonym des Kontos<\/li><li>In Zuhause oder andere physische Adresse, einschlie\u00dflich Stra\u00dfenname und Name der Stadt\/Ort<\/li><li>Eine E-Mail-Adresse<\/li><li>Informationen \u00fcber Internetaktivit\u00e4ten, ausnahmslos, Browseransicht, solche Ansicht und Informationen \u00fcber die Interaktion der Welt mit einer Internetseite, einem Programm oder einer Website<\/li><li>IP-Adresse<\/li><li>Eine Telefonnummer<\/li><\/ul><\/p><p class=\"cmplz-subtitle\">Die Grundlage, auf der diese Daten verarbeitet werden k\u00f6nnen, ist:<\/p><p><a target=\"_blank\" rel=\"noopener noreferrer nofollow\" href=\"https:\/\/cookiedatabase.org\/legal-bases\/#consent\">N\u00e4chste Erkl\u00e4rung der Zustimmung.<\/a><\/p><p class=\"cmplz-subtitle\">Bewahrungsfrist<\/p><p>Wir speichern diese Daten bis zur Best\u00e4tigung des Dienstes.<\/p><\/details><h2>2. Weitergabe an andere Parteien<\/h2><p>Wir w\u00fcrden dies in Verarbeiter nur noch einmal sehen wollen:<\/p><h2>3. Cookies<\/h2><p>Unsere Website verwendet Cookies. Weitere Informationen zu Cookies finden Sie hier. <a href=\"https:\/\/frascole.it\/de\/eu-cookie-richtlinie\/\">Cookie-Richtlinie<\/a> nach.&nbsp;<\/p><h2>4. Offenlegungspraktiken<\/h2><p><p>Wir legen personenbezogene Daten offen, wenn wir gesetzlich oder per Gerichtsbeschluss dazu verpflichtet sind, z. B. auf Anforderung einer Strafverfolgungsbeh\u00f6rde, soweit dies im Rahmen der gesetzlichen Bestimmungen zul\u00e4ssig ist, um Ausk\u00fcnfte zu erteilen, oder f\u00fcr eine Untersuchung in einer Angelegenheit, die die \u00f6ffentliche Sicherheit betrifft.<\/p><p>Wir unsere Website oder unser Unternehmen im Rahmen einer Fusion oder \u00dcbernahme \u00fcbernommen oder verkauft wird, k\u00f6nnen Ihre Daten unseren Beratern und potenziellen K\u00e4ufern \u00fcbermittelt und einem die neuen Eigent\u00fcmer \u00fcbermittelt werden.<\/p><\/p><p>Bitte \u00fcberpr\u00fcfen Sie die bei Google verf\u00fcgbaren Daten.<\/p><p>Die Angabe der vollst\u00e4ndigen IP-Adresse ist untersagt.<\/p><h2>5. Sicherheit<\/h2><p>Wir sind die sichersten Menschen in unserem Leben. Wir unternehmen entsprechende Sicherheitsma\u00dfnahmen, um Missbrauch und unbefugten Zugriff auf personenbezogene Daten zu begrenzen. Solange Sie in Sicherheit sind, hat nur eine Person im Zugriff ein Recht auf ihr Leben, diese Person im Zugriff ist hier und ihre Sicherheitsma\u00dfnahmen wurden ber\u00fccksichtigt.<\/p><h2>6. Websites von Drittanbietern<\/h2><p>Diese Datenschutzinformationen sind f\u00fcr die Websites der jeweiligen Anbieter nicht verf\u00fcgbar, da die Links zu unserer Website nicht mit uns verkn\u00fcpft sind. Wir k\u00f6nnen nicht garantieren, dass Ihnen diese Rechte von den betreffenden Anbietern gew\u00e4hrt werden oder dass diese sicher sind. Wir m\u00f6chten Sie lediglich zu Ihrer Information \u00fcber die Datenschutzbestimmungen dieser Websites informieren.<\/p><h2>7. Erg\u00e4nzungen zu dieser Datenschutzerkl\u00e4rung<\/h2><p>Wir sind auf der Suche nach dem Richtigen, gehen Sie zu dieser Datenschutzerkl\u00e4rung. Das hei\u00dft, diese Datenschutzerkl\u00e4rung regelm\u00e4\u00dfig zu lesen, um sich \u00fcber \u00c4nderungen zu informieren. Dar\u00fcber hinaus informieren wir dich wo immer m\u00f6glich.<\/p><h2>8. Zugriff und Ihre Bearbeitungsdaten<\/h2><p>Wenn Sie Fragen haben oder wissen m\u00f6chten, welche pers\u00f6nlichen Daten \u00fcber Sie verf\u00fcgen, kontaktieren Sie uns bitte. Hier finden Sie alle Informationen, die Sie ben\u00f6tigen. Haben Sie gerade Folgendes gesehen:<\/p><ul>\n                <li>Von nun an ist die Person, die dort wohnt, schon lange mit ihnen zusammen und kennt sie schon lange.<\/li>\n                <li>Zugriffsrecht: Du hast das Recht deine uns bekannten personenbezogenen Daten einzusehen.<\/li>\n                <li>Recht auf Meldung: Du hast das Recht wann immer du w\u00fcnschst, deine pers\u00f6nlichen Daten zu erg\u00e4nzen, zu korrigieren sowie zu l\u00f6schen oder zu blockieren.<\/li>\n                <li>Wenn du uns dein Unverst\u00e4ndnis zur Verarbeitung deiner Daten gegeben hast, hast du das Recht dieses Unverst\u00e4ndnis zu widerrufen und deine pers\u00f6nlichen Daten l\u00f6schen zu lassen.<\/li>\n                <li>Recht auf Datentransfer deiner Daten: Du hast das Recht, alle deine pers\u00f6nlichen Daten von einem Verantwortlichen anzufordern und in ihrer Gesamtheit an einen anderen Verantwortlichen zu \u00fcbertragen.<\/li>\n                <li>Widerspruchsrecht: Du kannst der Verarbeitung deiner Daten widersprechen. Wir entsprechen dem, es sind sechs, denn es gibt berechtigte Gr\u00fcnde f\u00fcr die Verarbeitung.<\/li>\n            <\/ul><p>Bitte stellen Sie sicher, dass Sie sich immer dar\u00fcber im Klaren sind, wer Sie sind, sodass wir sicher sein k\u00f6nnen, dass die Daten der falschen Person nicht bearbeitet oder gel\u00f6scht werden k\u00f6nnen.<\/p><h2>9. Eine Beschwerde \u00fcbermitteln<\/h2><p>Wenn Sie mit der Art und Weise nicht zufrieden sind, in der wir (Ihre Beschwerde) die Verarbeitung Ihrer personenbezogenen Daten handhaben, haben Sie das Recht, eine Beschwerde an die Datenschutzbeh\u00f6rde zu richten.<\/p><h2>10. Kontaktdaten<\/h2><p>Frascole Landwirtschaftsunternehmen SS<br \/>\n        Bruchteil Frascole 27<br \/>\n        Italien<br \/>\n        Webseite: <a href=\"https:\/\/frascole.it\/de\">https:\/\/frascole.it\/de<\/a> <br \/>\n        E-Mail: <span class=\"cmplz-obfuscate\">Buchung@<span class=\"cmplz-fmail-domain\">ex&#046;c&#111;m<\/span>&#102;&#114;&#097;&#115;&#099;o&#108;e.i&#116;<\/span> <br \/>\n        Telefonnummer: 3393050554<\/p><h2>11. Datenanfrage<\/h2><p>Der Vollst\u00e4ndigkeit halber m\u00f6chten wir auch mehr \u00fcber die bereitgestellten Informationen erfahren.<br \/>\t\t\t<div class=\"cmplz-datarequest cmplz-alert\">\n\t\t\t\t<span class=\"cmplz-close\">\u00d7<\/span>\n\t\t\t\t<span id=\"cmplz-message\"><\/span>\n\t\t\t<\/div>\n\t\t\t<form id=\"cmplz-datarequest-form\" action=\"\">\n\t\t\t\t<input type=\"hidden\" required value=\"eu\" name=\"cmplz_datarequest_region\" id=\"cmplz_datarequest_region\">\n\n\t\t\t\t<label for=\"cmplz_datarequest_firstname\" class=\"cmplz-first-name\">Name\t\t\t\t\t<input type=\"search\" class=\"datarequest-firstname\" value=\"\" placeholder=\"Vorname\" id=\"cmplz_datarequest_firstname\" name=\"cmplz_datarequest_firstname\">\n\t\t\t\t<\/label>\n\t\t\t\t<div>\n\t\t\t\t\t<label for=\"cmplz_datarequest_name\">Name<\/label>\n\t\t\t\t\t<input type=\"text\" required value=\"\" placeholder=\"Dein Name\" id=\"cmplz_datarequest_name\" name=\"cmplz_datarequest_name\">\n\t\t\t\t<\/div>\n\t\t\t\t<div>\n\t\t\t\t\t<label for=\"cmplz_datarequest_email\">E-Mail<\/label>\n\t\t\t\t\t<input type=\"email\" required value=\"\" placeholder=\"email@email.com\" id=\"cmplz_datarequest_email\" name=\"cmplz_datarequest_email\">\n\t\t\t\t<\/div>\n\t\t\t\t\t\t\t\t\t\t<div class=\"cmplz_datarequest cmplz_datarequest_request_for_access\">\n\t\t\t\t\t\t\t<label for=\"cmplz_datarequest_request_for_access\">\n\t\t\t\t\t\t\t\t<input type=\"checkbox\" value=\"1\" name=\"cmplz_datarequest_request_for_access\" id=\"cmplz_datarequest_request_for_access\" \/>\n\t\t\t\t\t\t\t\tStelle einen Antrag auf Zugang zu den Daten, die wir \u00fcber dich verarbeiten.\t\t\t\t\t\t\t<\/label>\n\t\t\t\t\t\t<\/div>\n\t\t\t\t\t\t\t\t\t\t<div class=\"cmplz_datarequest cmplz_datarequest_right_to_be_forgotten\">\n\t\t\t\t\t\t\t<label for=\"cmplz_datarequest_right_to_be_forgotten\">\n\t\t\t\t\t\t\t\t<input type=\"checkbox\" value=\"1\" name=\"cmplz_datarequest_right_to_be_forgotten\" id=\"cmplz_datarequest_right_to_be_forgotten\" \/>\n\t\t\t\t\t\t\t\tStelle einen Antrag auf L\u00f6schung der Daten, wenn sie nicht mehr relevant sind.\t\t\t\t\t\t\t<\/label>\n\t\t\t\t\t\t<\/div>\n\t\t\t\t\t\t\t\t\t\t<div class=\"cmplz_datarequest cmplz_datarequest_right_to_data_portability\">\n\t\t\t\t\t\t\t<label for=\"cmplz_datarequest_right_to_data_portability\">\n\t\t\t\t\t\t\t\t<input type=\"checkbox\" value=\"1\" name=\"cmplz_datarequest_right_to_data_portability\" id=\"cmplz_datarequest_right_to_data_portability\" \/>\n\t\t\t\t\t\t\t\tStelle einen Antrag auf eine Exportdatei der Daten, die wir \u00fcber dich verarbeiten.\t\t\t\t\t\t\t<\/label>\n\t\t\t\t\t\t<\/div>\n\t\t\t\t\t\t\t\t<input type=\"button\" id=\"cmplz-datarequest-submit\" value=\"Senden\">\n\t\t\t<input type=\"hidden\" name=\"trp-form-language\" value=\"de\"\/><\/form>\n\n\t\t\t<style>\n\t\t\t\t\/* first-name is honeypot *\/\n\t\t\t\t.cmplz-first-name {\n\t\t\t\t\tposition: absolute !important;\n\t\t\t\t\tleft: -5000px !important;\n\t\t\t\t}\n\t\t\t<\/style>\n\t\t\t<\/p><\/div>","protected":false},"excerpt":{"rendered":"","protected":false},"author":1,"featured_media":0,"parent":0,"menu_order":0,"comment_status":"closed","ping_status":"closed","template":"","meta":{"_acf_changed":false,"footnotes":""},"class_list":["post-659","page","type-page","status-publish","hentry"],"acf":[],"yoast_head":"<!-- This site is optimized with the Yoast SEO plugin v27.0 - https:\/\/yoast.com\/product\/yoast-seo-wordpress\/ -->\n<title>Dichiarazione sulla Privacy (UE) - Frascole Cantina e Agriturismo<\/title>\n<meta name=\"robots\" content=\"index, follow, max-snippet:-1, max-image-preview:large, max-video-preview:-1\" \/>\n<link rel=\"canonical\" href=\"https:\/\/frascole.it\/de\/eu-datenschutzerklarung\/\" \/>\n<meta property=\"og:locale\" content=\"de_DE\" \/>\n<meta property=\"og:type\" content=\"article\" \/>\n<meta property=\"og:title\" content=\"Dichiarazione sulla Privacy (UE) - Frascole Cantina e Agriturismo\" \/>\n<meta property=\"og:url\" content=\"https:\/\/frascole.it\/de\/eu-datenschutzerklarung\/\" \/>\n<meta property=\"og:site_name\" content=\"Frascole Cantina e Agriturismo\" \/>\n<meta property=\"article:publisher\" content=\"https:\/\/www.facebook.com\/AziendaAgricolaFrascole\/\" \/>\n<meta name=\"twitter:card\" content=\"summary_large_image\" \/>\n<script type=\"application\/ld+json\" class=\"yoast-schema-graph\">{\"@context\":\"https:\/\/schema.org\",\"@graph\":[{\"@type\":\"WebPage\",\"@id\":\"https:\/\/frascole.it\/dichiarazione-sulla-privacy-ue\/\",\"url\":\"https:\/\/frascole.it\/dichiarazione-sulla-privacy-ue\/\",\"name\":\"Dichiarazione sulla Privacy (UE) - Frascole Cantina e Agriturismo\",\"isPartOf\":{\"@id\":\"https:\/\/frascole.it\/#website\"},\"datePublished\":\"2026-01-15T16:28:58+00:00\",\"breadcrumb\":{\"@id\":\"https:\/\/frascole.it\/dichiarazione-sulla-privacy-ue\/#breadcrumb\"},\"inLanguage\":\"de\",\"potentialAction\":[{\"@type\":\"ReadAction\",\"target\":[\"https:\/\/frascole.it\/dichiarazione-sulla-privacy-ue\/\"]}]},{\"@type\":\"BreadcrumbList\",\"@id\":\"https:\/\/frascole.it\/dichiarazione-sulla-privacy-ue\/#breadcrumb\",\"itemListElement\":[{\"@type\":\"ListItem\",\"position\":1,\"name\":\"Home\",\"item\":\"https:\/\/frascole.it\/\"},{\"@type\":\"ListItem\",\"position\":2,\"name\":\"Dichiarazione sulla Privacy (UE)\"}]},{\"@type\":\"WebSite\",\"@id\":\"https:\/\/frascole.it\/#website\",\"url\":\"https:\/\/frascole.it\/\",\"name\":\"Frascole Cantina e Agriturismo\",\"description\":\"Degustazioni, agriturismo ed esperienze in Mugello.\",\"publisher\":{\"@id\":\"https:\/\/frascole.it\/#organization\"},\"potentialAction\":[{\"@type\":\"SearchAction\",\"target\":{\"@type\":\"EntryPoint\",\"urlTemplate\":\"https:\/\/frascole.it\/?s={search_term_string}\"},\"query-input\":{\"@type\":\"PropertyValueSpecification\",\"valueRequired\":true,\"valueName\":\"search_term_string\"}}],\"inLanguage\":\"de\"},{\"@type\":\"Organization\",\"@id\":\"https:\/\/frascole.it\/#organization\",\"name\":\"Frascole\",\"url\":\"https:\/\/frascole.it\/\",\"logo\":{\"@type\":\"ImageObject\",\"inLanguage\":\"de\",\"@id\":\"https:\/\/frascole.it\/#\/schema\/logo\/image\/\",\"url\":\"https:\/\/frascole.it\/wp-content\/uploads\/cropped-frascole-2025.webp\",\"contentUrl\":\"https:\/\/frascole.it\/wp-content\/uploads\/cropped-frascole-2025.webp\",\"width\":983,\"height\":281,\"caption\":\"Frascole\"},\"image\":{\"@id\":\"https:\/\/frascole.it\/#\/schema\/logo\/image\/\"},\"sameAs\":[\"https:\/\/www.facebook.com\/AziendaAgricolaFrascole\/\",\"https:\/\/www.instagram.com\/frascole\/\"]}]}<\/script>\n<!-- \/ Yoast SEO plugin. -->","yoast_head_json":{"title":"Datenschutzrichtlinie (EU) - Frascole Cantina e Agriturismo","robots":{"index":"index","follow":"follow","max-snippet":"max-snippet:-1","max-image-preview":"max-image-preview:large","max-video-preview":"max-video-preview:-1"},"canonical":"https:\/\/frascole.it\/de\/eu-datenschutzerklarung\/","og_locale":"de_DE","og_type":"article","og_title":"Dichiarazione sulla Privacy (UE) - Frascole Cantina e Agriturismo","og_url":"https:\/\/frascole.it\/de\/eu-datenschutzerklarung\/","og_site_name":"Frascole Cantina e Agriturismo","article_publisher":"https:\/\/www.facebook.com\/AziendaAgricolaFrascole\/","twitter_card":"summary_large_image","schema":{"@context":"https:\/\/schema.org","@graph":[{"@type":"WebPage","@id":"https:\/\/frascole.it\/dichiarazione-sulla-privacy-ue\/","url":"https:\/\/frascole.it\/dichiarazione-sulla-privacy-ue\/","name":"Datenschutzrichtlinie (EU) - Frascole Cantina e Agriturismo","isPartOf":{"@id":"https:\/\/frascole.it\/#website"},"datePublished":"2026-01-15T16:28:58+00:00","breadcrumb":{"@id":"https:\/\/frascole.it\/dichiarazione-sulla-privacy-ue\/#breadcrumb"},"inLanguage":"de","potentialAction":[{"@type":"ReadAction","target":["https:\/\/frascole.it\/dichiarazione-sulla-privacy-ue\/"]}]},{"@type":"BreadcrumbList","@id":"https:\/\/frascole.it\/dichiarazione-sulla-privacy-ue\/#breadcrumb","itemListElement":[{"@type":"ListItem","position":1,"name":"Home","item":"https:\/\/frascole.it\/"},{"@type":"ListItem","position":2,"name":"Dichiarazione sulla Privacy (UE)"}]},{"@type":"WebSite","@id":"https:\/\/frascole.it\/#website","url":"https:\/\/frascole.it\/","name":"Frascole Keller und Bauernhaus","description":"Verkostungen, Agrotourismus und Erlebnisse im Mugello.","publisher":{"@id":"https:\/\/frascole.it\/#organization"},"potentialAction":[{"@type":"SearchAction","target":{"@type":"EntryPoint","urlTemplate":"https:\/\/frascole.it\/?s={search_term_string}"},"query-input":{"@type":"PropertyValueSpecification","valueRequired":true,"valueName":"search_term_string"}}],"inLanguage":"de"},{"@type":"Organization","@id":"https:\/\/frascole.it\/#organization","name":"Frascole","url":"https:\/\/frascole.it\/","logo":{"@type":"ImageObject","inLanguage":"de","@id":"https:\/\/frascole.it\/#\/schema\/logo\/image\/","url":"https:\/\/frascole.it\/wp-content\/uploads\/cropped-frascole-2025.webp","contentUrl":"https:\/\/frascole.it\/wp-content\/uploads\/cropped-frascole-2025.webp","width":983,"height":281,"caption":"Frascole"},"image":{"@id":"https:\/\/frascole.it\/#\/schema\/logo\/image\/"},"sameAs":["https:\/\/www.facebook.com\/AziendaAgricolaFrascole\/","https:\/\/www.instagram.com\/frascole\/"]}]}},"_links":{"self":[{"href":"https:\/\/frascole.it\/de\/wp-json\/wp\/v2\/pages\/659","targetHints":{"allow":["GET"]}}],"collection":[{"href":"https:\/\/frascole.it\/de\/wp-json\/wp\/v2\/pages"}],"about":[{"href":"https:\/\/frascole.it\/de\/wp-json\/wp\/v2\/types\/page"}],"author":[{"embeddable":true,"href":"https:\/\/frascole.it\/de\/wp-json\/wp\/v2\/users\/1"}],"replies":[{"embeddable":true,"href":"https:\/\/frascole.it\/de\/wp-json\/wp\/v2\/comments?post=659"}],"version-history":[{"count":0,"href":"https:\/\/frascole.it\/de\/wp-json\/wp\/v2\/pages\/659\/revisions"}],"wp:attachment":[{"href":"https:\/\/frascole.it\/de\/wp-json\/wp\/v2\/media?parent=659"}],"curies":[{"name":"wp","href":"https:\/\/api.w.org\/{rel}","templated":true}]}}