{"id":661,"date":"2026-01-15T16:28:58","date_gmt":"2026-01-15T16:28:58","guid":{"rendered":"https:\/\/frascole.it\/disconoscimento\/"},"modified":"2026-01-15T16:28:58","modified_gmt":"2026-01-15T16:28:58","slug":"verleugnung","status":"publish","type":"page","link":"https:\/\/frascole.it\/de\/verleugnung\/","title":{"rendered":"Haftungsausschluss"},"content":{"rendered":"<!-- Legal document generated by Complianz | GDPR\/CCPA Cookie Consent https:\/\/wordpress.org\/plugins\/complianz-gdpr -->\n<div id=\"cmplz-document\" class=\"cmplz-document disclaimer cmplz-document-all\"><p>Frascole soc. Die landwirtschaftliche SS ist dazu verpflichtet, diese Website aktuell und akkurat zu halten. Solltest du dennoch auf irgendetwas sto\u00dfen, das verialtet oder falsch ist, w\u00fcrden wir es sch\u00e4tzen, wenn du es uns wissen l\u00e4sst. Bitte weise darauf hin, wo du auf der Seite die Informationen gelesen hast. Werden wir uns dann so schnell wie m\u00f6glich darum k\u00fcmmern. Bitte senden Sie Ihre R\u00fcckmeldung an: <span class=\"cmplz-obfuscate\">booking@<span class=\"cmplz-fmail-domain\">&#101;&#120;.com<\/span>&#102;r&#097;&#115;c&#111;l&#101;.i&#116;<\/span>.<\/p><p>Wir informieren Sie \u00fcber Ungenauigkeit oder Unvollst\u00e4ndigkeit von Ergebnissen, Verlusten, noch f\u00fcr entstehende Verluste oder Verbreitung von Informationen durch das Internet, wie St\u00f6rungen oder Unterbrechungen. Bei der Verwendung von Internetfomularen streben wir danach, die Anzahl der well\u00f6ttigen Felder zu minimieren. F\u00fcr die Verluste sterben aus der Verwendung von Frascole soc. Agriculture SS empfohlener oder stammender Daten, Hinweise oder Ideen \u00fcbernimmt Frascole soc. landwirtschaftliche ss keine Haftung.<\/p><p>\u00dcber E-Mail oder mittels eines Internetformulars werden aktuelle Antworten und Datenschutzanfragen in gleicher Weise wie Briefe behandelt. Bedeutet, dass du sp\u00e4testens innerhalb eines Monats mit einer Antwort von uns rechnen kannst. Im Falle umfangreicherer Anfragen werden wir dich innerhalb eines Monats wissen lassen, ob wir maximal drei Monate ben\u00f6tigen.<\/p><p>Jegliche personenbezogene Daten, die Sie uns innerhalb des Kontexts Ihrer Antwort oder Ihres Antrags zur Verf\u00fcgung stellen, werden ausschlie\u00dflich gem\u00e4\u00df unserer Datenschutzerkl\u00e4rung genutzt.<\/p><p>Frascole soc. Agriculture SS wird jede angemessene Ma\u00dfnahme ergreifen, um sein System gegen jede Form unrechtm\u00e4\u00dfiger Nutzung zu sch\u00fctzen. Frascole soc. Agrar-SS wird geeignete Technologien und organisatorische Ma\u00dfnahmen zu diesem Zweck, unter Ber\u00fccksichtigung des aktuellen Standes der Technik, einf\u00fchren. Dies gilt nicht f\u00fcr direkte und\/oder indirekte Verluste jeglicher Art, auch wenn ein Benutzer der Website auftreten kann, der der unrechtm\u00e4\u00dfigen Nutzung des Systems von Drittanbietern entspringt.<\/p><p>Frascole soc. Agriculture SS \u00fcbernimmt keine Verantwortung f\u00fcr den Inhalt von Websites, zu denen oder von denen ein Hyperlink oder ein anderer Verweis f\u00fchrt. Produkte oder Serviceleistungen, die von Drittanbietern angeboten werden, werden nach entsprechenden Bedingungen und Konditionen Dritter behandelt.<\/p><p>Jegliches geistiges Eigentumsrecht an Inhalten auf dieser Website ist im Besitz von Frascole soc. landwirtschaftliche SS.<\/p><p>Das Kopieren, Verbreiten oder jede andere Nutzung dieses Materials erfolgt ohne die schriftliche Genehmigung von Frascole soc. landwirtschaftliche ss nicht gestattet, sofern in geltendem Gesetz nicht anders nereinbart oder ausgenommen (wie etwa das Recht zu zitieren), solang der allgemeine Inhalt nichts anderes vorschreibt.<\/p><p>Falls es Probleme bei der \u00dcberpr\u00fcfung der Website gibt, kontaktieren Sie uns bitte nicht.<\/p><\/div>","protected":false},"excerpt":{"rendered":"","protected":false},"author":1,"featured_media":0,"parent":0,"menu_order":0,"comment_status":"closed","ping_status":"closed","template":"","meta":{"_acf_changed":false,"footnotes":""},"class_list":["post-661","page","type-page","status-publish","hentry"],"acf":[],"yoast_head":"<!-- This site is optimized with the Yoast SEO plugin v27.0 - https:\/\/yoast.com\/product\/yoast-seo-wordpress\/ -->\n<title>Disconoscimento - Frascole Cantina e Agriturismo<\/title>\n<meta name=\"robots\" content=\"index, follow, max-snippet:-1, max-image-preview:large, max-video-preview:-1\" \/>\n<link rel=\"canonical\" href=\"https:\/\/frascole.it\/de\/verleugnung\/\" \/>\n<meta property=\"og:locale\" content=\"de_DE\" \/>\n<meta property=\"og:type\" content=\"article\" \/>\n<meta property=\"og:title\" content=\"Disconoscimento - Frascole Cantina e Agriturismo\" \/>\n<meta property=\"og:url\" content=\"https:\/\/frascole.it\/de\/verleugnung\/\" \/>\n<meta property=\"og:site_name\" content=\"Frascole Cantina e Agriturismo\" \/>\n<meta property=\"article:publisher\" content=\"https:\/\/www.facebook.com\/AziendaAgricolaFrascole\/\" \/>\n<meta name=\"twitter:card\" content=\"summary_large_image\" \/>\n<script type=\"application\/ld+json\" class=\"yoast-schema-graph\">{\"@context\":\"https:\/\/schema.org\",\"@graph\":[{\"@type\":\"WebPage\",\"@id\":\"https:\/\/frascole.it\/disconoscimento\/\",\"url\":\"https:\/\/frascole.it\/disconoscimento\/\",\"name\":\"Disconoscimento - Frascole Cantina e Agriturismo\",\"isPartOf\":{\"@id\":\"https:\/\/frascole.it\/#website\"},\"datePublished\":\"2026-01-15T16:28:58+00:00\",\"breadcrumb\":{\"@id\":\"https:\/\/frascole.it\/disconoscimento\/#breadcrumb\"},\"inLanguage\":\"de\",\"potentialAction\":[{\"@type\":\"ReadAction\",\"target\":[\"https:\/\/frascole.it\/disconoscimento\/\"]}]},{\"@type\":\"BreadcrumbList\",\"@id\":\"https:\/\/frascole.it\/disconoscimento\/#breadcrumb\",\"itemListElement\":[{\"@type\":\"ListItem\",\"position\":1,\"name\":\"Home\",\"item\":\"https:\/\/frascole.it\/\"},{\"@type\":\"ListItem\",\"position\":2,\"name\":\"Disconoscimento\"}]},{\"@type\":\"WebSite\",\"@id\":\"https:\/\/frascole.it\/#website\",\"url\":\"https:\/\/frascole.it\/\",\"name\":\"Frascole Cantina e Agriturismo\",\"description\":\"Degustazioni, agriturismo ed esperienze in Mugello.\",\"publisher\":{\"@id\":\"https:\/\/frascole.it\/#organization\"},\"potentialAction\":[{\"@type\":\"SearchAction\",\"target\":{\"@type\":\"EntryPoint\",\"urlTemplate\":\"https:\/\/frascole.it\/?s={search_term_string}\"},\"query-input\":{\"@type\":\"PropertyValueSpecification\",\"valueRequired\":true,\"valueName\":\"search_term_string\"}}],\"inLanguage\":\"de\"},{\"@type\":\"Organization\",\"@id\":\"https:\/\/frascole.it\/#organization\",\"name\":\"Frascole\",\"url\":\"https:\/\/frascole.it\/\",\"logo\":{\"@type\":\"ImageObject\",\"inLanguage\":\"de\",\"@id\":\"https:\/\/frascole.it\/#\/schema\/logo\/image\/\",\"url\":\"https:\/\/frascole.it\/wp-content\/uploads\/cropped-frascole-2025.webp\",\"contentUrl\":\"https:\/\/frascole.it\/wp-content\/uploads\/cropped-frascole-2025.webp\",\"width\":983,\"height\":281,\"caption\":\"Frascole\"},\"image\":{\"@id\":\"https:\/\/frascole.it\/#\/schema\/logo\/image\/\"},\"sameAs\":[\"https:\/\/www.facebook.com\/AziendaAgricolaFrascole\/\",\"https:\/\/www.instagram.com\/frascole\/\"]}]}<\/script>\n<!-- \/ Yoast SEO plugin. -->","yoast_head_json":{"title":"Haftungsausschluss \u2013 Weingut und Bauernhof Frascole","robots":{"index":"index","follow":"follow","max-snippet":"max-snippet:-1","max-image-preview":"max-image-preview:large","max-video-preview":"max-video-preview:-1"},"canonical":"https:\/\/frascole.it\/de\/verleugnung\/","og_locale":"de_DE","og_type":"article","og_title":"Disconoscimento - Frascole Cantina e Agriturismo","og_url":"https:\/\/frascole.it\/de\/verleugnung\/","og_site_name":"Frascole Cantina e Agriturismo","article_publisher":"https:\/\/www.facebook.com\/AziendaAgricolaFrascole\/","twitter_card":"summary_large_image","schema":{"@context":"https:\/\/schema.org","@graph":[{"@type":"WebPage","@id":"https:\/\/frascole.it\/disconoscimento\/","url":"https:\/\/frascole.it\/disconoscimento\/","name":"Haftungsausschluss \u2013 Weingut und Bauernhof Frascole","isPartOf":{"@id":"https:\/\/frascole.it\/#website"},"datePublished":"2026-01-15T16:28:58+00:00","breadcrumb":{"@id":"https:\/\/frascole.it\/disconoscimento\/#breadcrumb"},"inLanguage":"de","potentialAction":[{"@type":"ReadAction","target":["https:\/\/frascole.it\/disconoscimento\/"]}]},{"@type":"BreadcrumbList","@id":"https:\/\/frascole.it\/disconoscimento\/#breadcrumb","itemListElement":[{"@type":"ListItem","position":1,"name":"Home","item":"https:\/\/frascole.it\/"},{"@type":"ListItem","position":2,"name":"Disconoscimento"}]},{"@type":"WebSite","@id":"https:\/\/frascole.it\/#website","url":"https:\/\/frascole.it\/","name":"Frascole Keller und Bauernhaus","description":"Verkostungen, Agrotourismus und Erlebnisse im Mugello.","publisher":{"@id":"https:\/\/frascole.it\/#organization"},"potentialAction":[{"@type":"SearchAction","target":{"@type":"EntryPoint","urlTemplate":"https:\/\/frascole.it\/?s={search_term_string}"},"query-input":{"@type":"PropertyValueSpecification","valueRequired":true,"valueName":"search_term_string"}}],"inLanguage":"de"},{"@type":"Organization","@id":"https:\/\/frascole.it\/#organization","name":"Frascole","url":"https:\/\/frascole.it\/","logo":{"@type":"ImageObject","inLanguage":"de","@id":"https:\/\/frascole.it\/#\/schema\/logo\/image\/","url":"https:\/\/frascole.it\/wp-content\/uploads\/cropped-frascole-2025.webp","contentUrl":"https:\/\/frascole.it\/wp-content\/uploads\/cropped-frascole-2025.webp","width":983,"height":281,"caption":"Frascole"},"image":{"@id":"https:\/\/frascole.it\/#\/schema\/logo\/image\/"},"sameAs":["https:\/\/www.facebook.com\/AziendaAgricolaFrascole\/","https:\/\/www.instagram.com\/frascole\/"]}]}},"_links":{"self":[{"href":"https:\/\/frascole.it\/de\/wp-json\/wp\/v2\/pages\/661","targetHints":{"allow":["GET"]}}],"collection":[{"href":"https:\/\/frascole.it\/de\/wp-json\/wp\/v2\/pages"}],"about":[{"href":"https:\/\/frascole.it\/de\/wp-json\/wp\/v2\/types\/page"}],"author":[{"embeddable":true,"href":"https:\/\/frascole.it\/de\/wp-json\/wp\/v2\/users\/1"}],"replies":[{"embeddable":true,"href":"https:\/\/frascole.it\/de\/wp-json\/wp\/v2\/comments?post=661"}],"version-history":[{"count":0,"href":"https:\/\/frascole.it\/de\/wp-json\/wp\/v2\/pages\/661\/revisions"}],"wp:attachment":[{"href":"https:\/\/frascole.it\/de\/wp-json\/wp\/v2\/media?parent=661"}],"curies":[{"name":"wp","href":"https:\/\/api.w.org\/{rel}","templated":true}]}}