{"id":463,"date":"2026-01-14T21:20:08","date_gmt":"2026-01-14T21:20:08","guid":{"rendered":"https:\/\/frascole.it\/?page_id=463"},"modified":"2026-01-20T17:44:15","modified_gmt":"2026-01-20T17:44:15","slug":"huile-dolive-extra-vierge-frascole","status":"publish","type":"page","link":"https:\/\/frascole.it\/fr\/huile-dolive-extra-vierge-frascole\/","title":{"rendered":"Huile EVO Frascole"},"content":{"rendered":"<div data-elementor-type=\"wp-page\" data-elementor-id=\"463\" class=\"elementor elementor-463\" data-elementor-post-type=\"page\">\n\t\t\t\t<div class=\"elementor-element elementor-element-6ef5f39 e-flex e-con-boxed e-con e-parent\" data-id=\"6ef5f39\" data-element_type=\"container\" data-e-type=\"container\" data-settings=\"{&quot;background_background&quot;:&quot;classic&quot;}\">\n\t\t\t\t\t<div class=\"e-con-inner\">\n\t\t\t\t<div class=\"elementor-element elementor-element-1a1666b elementor-widget elementor-widget-heading\" data-id=\"1a1666b\" data-element_type=\"widget\" data-e-type=\"widget\" data-widget_type=\"heading.default\">\n\t\t\t\t\t<h6 class=\"elementor-heading-title elementor-size-default\">Huile d&#039;olive vierge extra<\/h6>\t\t\t\t<\/div>\n\t\t\t\t<div class=\"elementor-element elementor-element-e7c26d2 elementor-widget elementor-widget-heading\" data-id=\"e7c26d2\" data-element_type=\"widget\" data-e-type=\"widget\" data-widget_type=\"heading.default\">\n\t\t\t\t\t<h1 class=\"elementor-heading-title elementor-size-default\">huile EVO\n<\/h1>\t\t\t\t<\/div>\n\t\t\t\t\t<\/div>\n\t\t\t\t<\/div>\n\t\t<div class=\"elementor-element elementor-element-e4e63f7 e-flex e-con-boxed e-con e-parent\" data-id=\"e4e63f7\" data-element_type=\"container\" data-e-type=\"container\" data-settings=\"{&quot;background_background&quot;:&quot;classic&quot;}\">\n\t\t\t\t\t<div class=\"e-con-inner\">\n\t\t\t\t<div class=\"elementor-element elementor-element-dd8df50 elementor-widget__width-inherit elementor-widget elementor-widget-image\" data-id=\"dd8df50\" data-element_type=\"widget\" data-e-type=\"widget\" data-widget_type=\"image.default\">\n\t\t\t\t\t\t\t\t\t\t\t\t\t\t\t<img fetchpriority=\"high\" decoding=\"async\" width=\"2560\" height=\"173\" src=\"https:\/\/frascole.it\/wp-content\/uploads\/panorama-frascole-separatore-divider-scaled.webp\" class=\"attachment-full size-full wp-image-275\" alt=\"\" srcset=\"https:\/\/frascole.it\/wp-content\/uploads\/panorama-frascole-separatore-divider-scaled.webp 2560w, https:\/\/frascole.it\/wp-content\/uploads\/panorama-frascole-separatore-divider-300x20.webp 300w, https:\/\/frascole.it\/wp-content\/uploads\/panorama-frascole-separatore-divider-1024x69.webp 1024w, https:\/\/frascole.it\/wp-content\/uploads\/panorama-frascole-separatore-divider-768x52.webp 768w, https:\/\/frascole.it\/wp-content\/uploads\/panorama-frascole-separatore-divider-1536x104.webp 1536w, https:\/\/frascole.it\/wp-content\/uploads\/panorama-frascole-separatore-divider-2048x138.webp 2048w\" sizes=\"(max-width: 2560px) 100vw, 2560px\" \/>\t\t\t\t\t\t\t\t\t\t\t\t\t\t\t<\/div>\n\t\t\t\t\t<\/div>\n\t\t\t\t<\/div>\n\t\t<div class=\"elementor-element elementor-element-9de28e8 e-flex e-con-boxed e-con e-parent\" data-id=\"9de28e8\" data-element_type=\"container\" data-e-type=\"container\" data-settings=\"{&quot;background_background&quot;:&quot;classic&quot;}\">\n\t\t\t\t\t<div class=\"e-con-inner\">\n\t\t\t\t<div class=\"elementor-element elementor-element-e3fb0dc elementor-widget elementor-widget-text-editor\" data-id=\"e3fb0dc\" data-element_type=\"widget\" data-e-type=\"widget\" data-widget_type=\"text-editor.default\">\n\t\t\t\t\t\t\t\t\t<p>Au domaine Frascole, nous produisons \u00e9galement une excellente huile d&#039;olive extra vierge, biologique comme tous nos produits. Tellement bonne qu&#039;une fois go\u00fbt\u00e9e, vous ne pourrez plus vous en passer.<\/p><p>\u00a0<\/p>\t\t\t\t\t\t\t\t<\/div>\n\t\t\t\t\t<\/div>\n\t\t\t\t<\/div>\n\t\t<div class=\"elementor-element elementor-element-00cf61b e-flex e-con-boxed e-con e-parent\" data-id=\"00cf61b\" data-element_type=\"container\" data-e-type=\"container\">\n\t\t\t\t\t<div class=\"e-con-inner\">\n\t\t\t\t<div class=\"elementor-element elementor-element-60c6cab elementor-grid-1 elementor-grid-tablet-1 elementor-grid-mobile-1 elementor-widget elementor-widget-loop-grid\" data-id=\"60c6cab\" data-element_type=\"widget\" data-e-type=\"widget\" data-settings=\"{&quot;template_id&quot;:&quot;422&quot;,&quot;columns&quot;:1,&quot;alternate_template&quot;:&quot;yes&quot;,&quot;columns_tablet&quot;:1,&quot;_skin&quot;:&quot;post&quot;,&quot;columns_mobile&quot;:&quot;1&quot;,&quot;edit_handle_selector&quot;:&quot;[data-elementor-type=\\&quot;loop-item\\&quot;]&quot;,&quot;row_gap&quot;:{&quot;unit&quot;:&quot;px&quot;,&quot;size&quot;:&quot;&quot;,&quot;sizes&quot;:[]},&quot;row_gap_tablet&quot;:{&quot;unit&quot;:&quot;px&quot;,&quot;size&quot;:&quot;&quot;,&quot;sizes&quot;:[]},&quot;row_gap_mobile&quot;:{&quot;unit&quot;:&quot;px&quot;,&quot;size&quot;:&quot;&quot;,&quot;sizes&quot;:[]}}\" data-widget_type=\"loop-grid.post\">\n\t\t\t\t<div class=\"elementor-widget-container\">\n\t\t\t\t\t\t\t<div class=\"elementor-loop-container elementor-grid\" role=\"list\">\n\t\t<style id=\"loop-422\">.elementor-422 .elementor-element.elementor-element-e7a59a7{--display:flex;--flex-direction:row;--container-widget-width:calc( ( 1 - var( --container-widget-flex-grow ) ) * 100% );--container-widget-height:100%;--container-widget-flex-grow:1;--container-widget-align-self:stretch;--flex-wrap-mobile:wrap;--align-items:center;--gap:0px 0px;--row-gap:0px;--column-gap:0px;}.elementor-422 .elementor-element.elementor-element-c8ce97d{--display:flex;--flex-direction:column;--container-widget-width:100%;--container-widget-height:initial;--container-widget-flex-grow:0;--container-widget-align-self:initial;--flex-wrap-mobile:wrap;}.elementor-widget-image .widget-image-caption{color:var( --e-global-color-text );font-family:var( --e-global-typography-text-font-family ), Sans-serif;font-weight:var( --e-global-typography-text-weight );}.elementor-422 .elementor-element.elementor-element-be826f2{--display:flex;--flex-direction:column;--container-widget-width:100%;--container-widget-height:initial;--container-widget-flex-grow:0;--container-widget-align-self:initial;--flex-wrap-mobile:wrap;}.elementor-widget-heading .elementor-heading-title{font-family:var( --e-global-typography-primary-font-family ), Sans-serif;font-weight:var( --e-global-typography-primary-font-weight );color:var( --e-global-color-primary );}.elementor-422 .elementor-element.elementor-element-a04504c .elementor-heading-title{font-family:var( --e-global-typography-text-font-family ), Sans-serif;font-weight:var( --e-global-typography-text-font-weight );}.elementor-422 .elementor-element.elementor-element-05c9476 .elementor-heading-title{font-family:var( --e-global-typography-primary-font-family ), Sans-serif;font-weight:var( --e-global-typography-primary-font-weight );color:var( --e-global-color-text );}.elementor-widget-text-editor{font-family:var( --e-global-typography-text-font-family ), Sans-serif;font-weight:var( --e-global-typography-text-weight );color:var( --e-global-color-text );}.elementor-widget-text-editor.elementor-drop-cap-view-stacked .elementor-drop-cap{background-color:var( --e-global-color-primary );}.elementor-widget-text-editor.elementor-drop-cap-view-framed .elementor-drop-cap, .elementor-widget-text-editor.elementor-drop-cap-view-default .elementor-drop-cap{color:var( --e-global-color-primary );border-color:var( --e-global-color-primary );}.elementor-widget-button .elementor-button{font-family:var( --e-global-typography-accent-font-family ), Sans-serif;font-weight:var( --e-global-typography-accent-weight );background-color:var( --e-global-color-accent );}@media(min-width:768px){.elementor-422 .elementor-element.elementor-element-c8ce97d{--width:50%;}.elementor-422 .elementor-element.elementor-element-be826f2{--width:50%;}}@media(max-width:1024px){.elementor-widget-image .widget-image-caption{font-weight:var( --e-global-typography-text-weight );}.elementor-widget-text-editor{font-weight:var( --e-global-typography-text-weight );}.elementor-widget-button .elementor-button{font-weight:var( --e-global-typography-accent-weight );}}@media(max-width:767px){.elementor-widget-image .widget-image-caption{font-weight:var( --e-global-typography-text-weight );}.elementor-widget-text-editor{font-weight:var( --e-global-typography-text-weight );}.elementor-widget-button .elementor-button{font-weight:var( --e-global-typography-accent-weight );}}<\/style>\t\t<div data-elementor-type=\"loop-item\" data-elementor-id=\"422\" class=\"elementor elementor-422 e-loop-item e-loop-item-462 post-462 prodotto type-prodotto status-publish has-post-thumbnail hentry categoria-vino-olio-extravergine\" data-elementor-post-type=\"elementor_library\" data-custom-edit-handle=\"1\">\n\t\t\t<div class=\"elementor-element elementor-element-e7a59a7 e-flex e-con-boxed e-con e-parent\" data-id=\"e7a59a7\" data-element_type=\"container\" data-e-type=\"container\">\n\t\t\t\t\t<div class=\"e-con-inner\">\n\t\t<div class=\"elementor-element elementor-element-c8ce97d e-con-full e-flex e-con e-child\" data-id=\"c8ce97d\" data-element_type=\"container\" data-e-type=\"container\">\n\t\t\t\t<div class=\"elementor-element elementor-element-756cc40 elementor-widget elementor-widget-image\" data-id=\"756cc40\" data-element_type=\"widget\" data-e-type=\"widget\" data-widget_type=\"image.default\">\n\t\t\t\t\t\t\t\t\t\t\t\t\t\t\t<img decoding=\"async\" width=\"800\" height=\"1000\" src=\"https:\/\/frascole.it\/wp-content\/uploads\/olio-studio-Background-Removed-819x1024.webp\" class=\"attachment-large size-large wp-image-942\" alt=\"\" srcset=\"https:\/\/frascole.it\/wp-content\/uploads\/olio-studio-Background-Removed-819x1024.webp 819w, https:\/\/frascole.it\/wp-content\/uploads\/olio-studio-Background-Removed-240x300.webp 240w, https:\/\/frascole.it\/wp-content\/uploads\/olio-studio-Background-Removed-768x960.webp 768w, https:\/\/frascole.it\/wp-content\/uploads\/olio-studio-Background-Removed-10x12.webp 10w, https:\/\/frascole.it\/wp-content\/uploads\/olio-studio-Background-Removed.webp 896w\" sizes=\"(max-width: 800px) 100vw, 800px\" \/>\t\t\t\t\t\t\t\t\t\t\t\t\t\t\t<\/div>\n\t\t\t\t<\/div>\n\t\t<div class=\"elementor-element elementor-element-be826f2 e-con-full e-flex e-con e-child\" data-id=\"be826f2\" data-element_type=\"container\" data-e-type=\"container\">\n\t\t\t\t<div class=\"elementor-element elementor-element-a04504c elementor-widget elementor-widget-heading\" data-id=\"a04504c\" data-element_type=\"widget\" data-e-type=\"widget\" data-widget_type=\"heading.default\">\n\t\t\t\t\t<h6 class=\"elementor-heading-title elementor-size-default\"><a href=\"https:\/\/frascole.it\/fr\/categorie-vin\/huile-dolive-vierge-extra-2\/\" rel=\"tag\">Huile d&#039;olive vierge extra<\/a><\/h6>\t\t\t\t<\/div>\n\t\t\t\t<div class=\"elementor-element elementor-element-05c9476 elementor-widget elementor-widget-heading\" data-id=\"05c9476\" data-element_type=\"widget\" data-e-type=\"widget\" data-widget_type=\"heading.default\">\n\t\t\t\t\t<h3 class=\"elementor-heading-title elementor-size-default\">huile EVO<\/h3>\t\t\t\t<\/div>\n\t\t\t\t<div class=\"elementor-element elementor-element-55e2343 elementor-widget elementor-widget-text-editor\" data-id=\"55e2343\" data-element_type=\"widget\" data-e-type=\"widget\" data-widget_type=\"text-editor.default\">\n\t\t\t\t\t\t\t\t\tSur les hauteurs, les olives cultiv\u00e9es naturellement, r\u00e9colt\u00e9es et press\u00e9es le jour m\u00eame, donnent une huile que l&#039;on ne peut que qualifier d&#039;excellente et d&#039;incontournable. Olio di Frascole, une rencontre qui changera votre vie.\t\t\t\t\t\t\t\t<\/div>\n\t\t\t\t<div class=\"elementor-element elementor-element-1be7f5c elementor-widget elementor-widget-button\" data-id=\"1be7f5c\" data-element_type=\"widget\" data-e-type=\"widget\" data-widget_type=\"button.default\">\n\t\t\t\t\t\t\t\t\t\t<a class=\"elementor-button elementor-button-link elementor-size-sm\" href=\"https:\/\/frascole.it\/fr\/produit\/huile-dolive-vierge-extra\/\">\n\t\t\t\t\t\t<span class=\"elementor-button-content-wrapper\">\n\t\t\t\t\t\t\t\t\t<span class=\"elementor-button-text\">En savoir plus<\/span>\n\t\t\t\t\t<\/span>\n\t\t\t\t\t<\/a>\n\t\t\t\t\t\t\t\t<\/div>\n\t\t\t\t<\/div>\n\t\t\t\t\t<\/div>\n\t\t\t\t<\/div>\n\t\t\t\t<\/div>\n\t\t\t\t<\/div>\n\t\t\n\t\t\t\t\t\t<\/div>\n\t\t\t\t<\/div>\n\t\t\t\t\t<\/div>\n\t\t\t\t<\/div>\n\t\t\t\t<\/div>","protected":false},"excerpt":{"rendered":"<p>Olio extravergine di oliva Olio EVO Nella tenuta di Frascole produciamo anche un eccellente olio extravergine d\u2019oliva, biologico come tutti i nostri prodotti. Cos\u00ec buono che chi lo prova non pu\u00f2 pi\u00f9 farne a meno. \u00a0<\/p>","protected":false},"author":1,"featured_media":0,"parent":0,"menu_order":0,"comment_status":"closed","ping_status":"closed","template":"","meta":{"_acf_changed":false,"footnotes":""},"class_list":["post-463","page","type-page","status-publish","hentry"],"acf":[],"yoast_head":"<!-- This site is optimized with the Yoast SEO plugin v27.4 - https:\/\/yoast.com\/product\/yoast-seo-wordpress\/ -->\n<title>Olio EVO Frascole - Frascole Cantina e Agriturismo<\/title>\n<meta name=\"description\" content=\"L&#039;Olio Extravergine d\u2019Oliva Frascole \u00e8 biologico e prodotto con olive colte e frante in giornata. Porta in tavola l&#039;oro verde del Mugello.\" \/>\n<meta name=\"robots\" content=\"index, follow, max-snippet:-1, max-image-preview:large, max-video-preview:-1\" \/>\n<link rel=\"canonical\" href=\"https:\/\/frascole.it\/fr\/huile-dolive-extra-vierge-frascole\/\" \/>\n<meta property=\"og:locale\" content=\"fr_FR\" \/>\n<meta property=\"og:type\" content=\"article\" \/>\n<meta property=\"og:title\" content=\"Olio EVO Frascole - Frascole Cantina e Agriturismo\" \/>\n<meta property=\"og:description\" content=\"L&#039;Olio Extravergine d\u2019Oliva Frascole \u00e8 biologico e prodotto con olive colte e frante in giornata. Porta in tavola l&#039;oro verde del Mugello.\" \/>\n<meta property=\"og:url\" content=\"https:\/\/frascole.it\/fr\/huile-dolive-extra-vierge-frascole\/\" \/>\n<meta property=\"og:site_name\" content=\"Frascole Cantina e Agriturismo\" \/>\n<meta property=\"article:publisher\" content=\"https:\/\/www.facebook.com\/AziendaAgricolaFrascole\/\" \/>\n<meta property=\"article:modified_time\" content=\"2026-01-20T17:44:15+00:00\" \/>\n<meta property=\"og:image\" content=\"https:\/\/frascole.it\/wp-content\/uploads\/panorama-frascole-separatore-divider-scaled.webp\" \/>\n<meta name=\"twitter:card\" content=\"summary_large_image\" \/>\n<meta name=\"twitter:label1\" content=\"Dur\u00e9e de lecture estim\u00e9e\" \/>\n\t<meta name=\"twitter:data1\" content=\"1 minute\" \/>\n<script type=\"application\/ld+json\" class=\"yoast-schema-graph\">{\"@context\":\"https:\\\/\\\/schema.org\",\"@graph\":[{\"@type\":\"WebPage\",\"@id\":\"https:\\\/\\\/frascole.it\\\/olio-evo-frascole\\\/\",\"url\":\"https:\\\/\\\/frascole.it\\\/olio-evo-frascole\\\/\",\"name\":\"Olio EVO Frascole - Frascole Cantina e Agriturismo\",\"isPartOf\":{\"@id\":\"https:\\\/\\\/frascole.it\\\/#website\"},\"primaryImageOfPage\":{\"@id\":\"https:\\\/\\\/frascole.it\\\/olio-evo-frascole\\\/#primaryimage\"},\"image\":{\"@id\":\"https:\\\/\\\/frascole.it\\\/olio-evo-frascole\\\/#primaryimage\"},\"thumbnailUrl\":\"https:\\\/\\\/frascole.it\\\/wp-content\\\/uploads\\\/panorama-frascole-separatore-divider-scaled.webp\",\"datePublished\":\"2026-01-14T21:20:08+00:00\",\"dateModified\":\"2026-01-20T17:44:15+00:00\",\"description\":\"L'Olio Extravergine d\u2019Oliva Frascole \u00e8 biologico e prodotto con olive colte e frante in giornata. Porta in tavola l'oro verde del Mugello.\",\"breadcrumb\":{\"@id\":\"https:\\\/\\\/frascole.it\\\/olio-evo-frascole\\\/#breadcrumb\"},\"inLanguage\":\"fr-FR\",\"potentialAction\":[{\"@type\":\"ReadAction\",\"target\":[\"https:\\\/\\\/frascole.it\\\/olio-evo-frascole\\\/\"]}]},{\"@type\":\"ImageObject\",\"inLanguage\":\"fr-FR\",\"@id\":\"https:\\\/\\\/frascole.it\\\/olio-evo-frascole\\\/#primaryimage\",\"url\":\"https:\\\/\\\/frascole.it\\\/wp-content\\\/uploads\\\/panorama-frascole-separatore-divider-scaled.webp\",\"contentUrl\":\"https:\\\/\\\/frascole.it\\\/wp-content\\\/uploads\\\/panorama-frascole-separatore-divider-scaled.webp\"},{\"@type\":\"BreadcrumbList\",\"@id\":\"https:\\\/\\\/frascole.it\\\/olio-evo-frascole\\\/#breadcrumb\",\"itemListElement\":[{\"@type\":\"ListItem\",\"position\":1,\"name\":\"Home\",\"item\":\"https:\\\/\\\/frascole.it\\\/\"},{\"@type\":\"ListItem\",\"position\":2,\"name\":\"Olio EVO Frascole\"}]},{\"@type\":\"WebSite\",\"@id\":\"https:\\\/\\\/frascole.it\\\/#website\",\"url\":\"https:\\\/\\\/frascole.it\\\/\",\"name\":\"Frascole Cantina e Agriturismo\",\"description\":\"Degustazioni, agriturismo ed esperienze in Mugello.\",\"publisher\":{\"@id\":\"https:\\\/\\\/frascole.it\\\/#organization\"},\"potentialAction\":[{\"@type\":\"SearchAction\",\"target\":{\"@type\":\"EntryPoint\",\"urlTemplate\":\"https:\\\/\\\/frascole.it\\\/?s={search_term_string}\"},\"query-input\":{\"@type\":\"PropertyValueSpecification\",\"valueRequired\":true,\"valueName\":\"search_term_string\"}}],\"inLanguage\":\"fr-FR\"},{\"@type\":\"Organization\",\"@id\":\"https:\\\/\\\/frascole.it\\\/#organization\",\"name\":\"Frascole\",\"url\":\"https:\\\/\\\/frascole.it\\\/\",\"logo\":{\"@type\":\"ImageObject\",\"inLanguage\":\"fr-FR\",\"@id\":\"https:\\\/\\\/frascole.it\\\/#\\\/schema\\\/logo\\\/image\\\/\",\"url\":\"https:\\\/\\\/frascole.it\\\/wp-content\\\/uploads\\\/cropped-frascole-2025.webp\",\"contentUrl\":\"https:\\\/\\\/frascole.it\\\/wp-content\\\/uploads\\\/cropped-frascole-2025.webp\",\"width\":983,\"height\":281,\"caption\":\"Frascole\"},\"image\":{\"@id\":\"https:\\\/\\\/frascole.it\\\/#\\\/schema\\\/logo\\\/image\\\/\"},\"sameAs\":[\"https:\\\/\\\/www.facebook.com\\\/AziendaAgricolaFrascole\\\/\",\"https:\\\/\\\/www.instagram.com\\\/frascole\\\/\"]}]}<\/script>\n<!-- \/ Yoast SEO plugin. -->","yoast_head_json":{"title":"Huile EVO Frascole - Frascole Cave et Ferme","description":"L&#039;huile d&#039;olive extra vierge Frascole est biologique et \u00e9labor\u00e9e \u00e0 partir d&#039;olives cueillies et press\u00e9es le jour m\u00eame. Apportez l&#039;or vert du Mugello \u00e0 votre table.","robots":{"index":"index","follow":"follow","max-snippet":"max-snippet:-1","max-image-preview":"max-image-preview:large","max-video-preview":"max-video-preview:-1"},"canonical":"https:\/\/frascole.it\/fr\/huile-dolive-extra-vierge-frascole\/","og_locale":"fr_FR","og_type":"article","og_title":"Olio EVO Frascole - Frascole Cantina e Agriturismo","og_description":"L'Olio Extravergine d\u2019Oliva Frascole \u00e8 biologico e prodotto con olive colte e frante in giornata. Porta in tavola l'oro verde del Mugello.","og_url":"https:\/\/frascole.it\/fr\/huile-dolive-extra-vierge-frascole\/","og_site_name":"Frascole Cantina e Agriturismo","article_publisher":"https:\/\/www.facebook.com\/AziendaAgricolaFrascole\/","article_modified_time":"2026-01-20T17:44:15+00:00","og_image":[{"url":"https:\/\/frascole.it\/wp-content\/uploads\/panorama-frascole-separatore-divider-scaled.webp","type":"","width":"","height":""}],"twitter_card":"summary_large_image","twitter_misc":{"Dur\u00e9e de lecture estim\u00e9e":"1 minute"},"schema":{"@context":"https:\/\/schema.org","@graph":[{"@type":"WebPage","@id":"https:\/\/frascole.it\/olio-evo-frascole\/","url":"https:\/\/frascole.it\/olio-evo-frascole\/","name":"Huile EVO Frascole - Frascole Cave et Ferme","isPartOf":{"@id":"https:\/\/frascole.it\/#website"},"primaryImageOfPage":{"@id":"https:\/\/frascole.it\/olio-evo-frascole\/#primaryimage"},"image":{"@id":"https:\/\/frascole.it\/olio-evo-frascole\/#primaryimage"},"thumbnailUrl":"https:\/\/frascole.it\/wp-content\/uploads\/panorama-frascole-separatore-divider-scaled.webp","datePublished":"2026-01-14T21:20:08+00:00","dateModified":"2026-01-20T17:44:15+00:00","description":"L&#039;huile d&#039;olive extra vierge Frascole est biologique et \u00e9labor\u00e9e \u00e0 partir d&#039;olives cueillies et press\u00e9es le jour m\u00eame. Apportez l&#039;or vert du Mugello \u00e0 votre table.","breadcrumb":{"@id":"https:\/\/frascole.it\/olio-evo-frascole\/#breadcrumb"},"inLanguage":"fr-FR","potentialAction":[{"@type":"ReadAction","target":["https:\/\/frascole.it\/olio-evo-frascole\/"]}]},{"@type":"ImageObject","inLanguage":"fr-FR","@id":"https:\/\/frascole.it\/olio-evo-frascole\/#primaryimage","url":"https:\/\/frascole.it\/wp-content\/uploads\/panorama-frascole-separatore-divider-scaled.webp","contentUrl":"https:\/\/frascole.it\/wp-content\/uploads\/panorama-frascole-separatore-divider-scaled.webp"},{"@type":"BreadcrumbList","@id":"https:\/\/frascole.it\/olio-evo-frascole\/#breadcrumb","itemListElement":[{"@type":"ListItem","position":1,"name":"Home","item":"https:\/\/frascole.it\/"},{"@type":"ListItem","position":2,"name":"Olio EVO Frascole"}]},{"@type":"WebSite","@id":"https:\/\/frascole.it\/#website","url":"https:\/\/frascole.it\/","name":"Cave et ferme Frascole","description":"D\u00e9gustations, agritourisme et exp\u00e9riences au Mugello.","publisher":{"@id":"https:\/\/frascole.it\/#organization"},"potentialAction":[{"@type":"SearchAction","target":{"@type":"EntryPoint","urlTemplate":"https:\/\/frascole.it\/?s={search_term_string}"},"query-input":{"@type":"PropertyValueSpecification","valueRequired":true,"valueName":"search_term_string"}}],"inLanguage":"fr-FR"},{"@type":"Organization","@id":"https:\/\/frascole.it\/#organization","name":"Frascole","url":"https:\/\/frascole.it\/","logo":{"@type":"ImageObject","inLanguage":"fr-FR","@id":"https:\/\/frascole.it\/#\/schema\/logo\/image\/","url":"https:\/\/frascole.it\/wp-content\/uploads\/cropped-frascole-2025.webp","contentUrl":"https:\/\/frascole.it\/wp-content\/uploads\/cropped-frascole-2025.webp","width":983,"height":281,"caption":"Frascole"},"image":{"@id":"https:\/\/frascole.it\/#\/schema\/logo\/image\/"},"sameAs":["https:\/\/www.facebook.com\/AziendaAgricolaFrascole\/","https:\/\/www.instagram.com\/frascole\/"]}]}},"_links":{"self":[{"href":"https:\/\/frascole.it\/fr\/wp-json\/wp\/v2\/pages\/463","targetHints":{"allow":["GET"]}}],"collection":[{"href":"https:\/\/frascole.it\/fr\/wp-json\/wp\/v2\/pages"}],"about":[{"href":"https:\/\/frascole.it\/fr\/wp-json\/wp\/v2\/types\/page"}],"author":[{"embeddable":true,"href":"https:\/\/frascole.it\/fr\/wp-json\/wp\/v2\/users\/1"}],"replies":[{"embeddable":true,"href":"https:\/\/frascole.it\/fr\/wp-json\/wp\/v2\/comments?post=463"}],"version-history":[{"count":10,"href":"https:\/\/frascole.it\/fr\/wp-json\/wp\/v2\/pages\/463\/revisions"}],"predecessor-version":[{"id":704,"href":"https:\/\/frascole.it\/fr\/wp-json\/wp\/v2\/pages\/463\/revisions\/704"}],"wp:attachment":[{"href":"https:\/\/frascole.it\/fr\/wp-json\/wp\/v2\/media?parent=463"}],"curies":[{"name":"wp","href":"https:\/\/api.w.org\/{rel}","templated":true}]}}