{"id":659,"date":"2026-01-15T16:28:58","date_gmt":"2026-01-15T16:28:58","guid":{"rendered":"https:\/\/frascole.it\/dichiarazione-sulla-privacy-ue\/"},"modified":"2026-01-15T16:28:58","modified_gmt":"2026-01-15T16:28:58","slug":"declaration-de-confidentialite-de-lue","status":"publish","type":"page","link":"https:\/\/frascole.it\/fr\/declaration-de-confidentialite-de-lue\/","title":{"rendered":"D\u00e9claration de confidentialit\u00e9 (UE)"},"content":{"rendered":"<!-- Legal document generated by Complianz | GDPR\/CCPA Cookie Consent https:\/\/wordpress.org\/plugins\/complianz-gdpr -->\n<div id=\"cmplz-document\" class=\"cmplz-document privacy-statement cmplz-document-eu\"><p><i>Cette d\u00e9claration de confidentialit\u00e9 a \u00e9t\u00e9 mise \u00e0 jour le janvier 15, 2026 et s\u2019applique aux citoyens et aux r\u00e9sidents permanents l\u00e9gaux de l\u2019Espace \u00e9conomique europ\u00e9en et de la Suisse.<\/i><br \/><br \/><\/p><p><p>Dans cette d\u00e9claration confidentielle, nous expliquons ce que nous faisons avec les femmes que nous rencontrons sur votre site web. <a href=\"https:\/\/frascole.it\/fr\">https:\/\/frascole.it\/fr<\/a>. Nous vous recommandons de lire attentivement cette d\u00e9claration. Notre traitement est conforme aux exigences de la l\u00e9gislation en mati\u00e8re de confidentialit\u00e9. Cela signifie notamment que\u00a0:<\/p><ul>\n                <li>Nous indiquons clairement dans ces finalit\u00e9s que nous trahissons la vie priv\u00e9e des femmes. Nos pratiques dissimulent de bien des mani\u00e8res cette d\u00e9claration de confidentialit\u00e9 ;<\/li>\n                <li>Nous nous proposons de limiter notre recrutement de personnel f\u00e9minin au seul personnel f\u00e9minin n\u00e9cessaire \u00e0 des fins l\u00e9gitimes ;<\/li>\n                <li>nous vous demandons de solliciter votre consentement explicite pour traiter votre personnel f\u00e9minin dans les cas o\u00f9 votre consentement est requis\u00a0;<\/li>\n                <li>nous vous fournissons les mesures de s\u00e9curit\u00e9 appropri\u00e9es pour prot\u00e9ger votre personnel f\u00e9minin, et nous vous demandons \u00e9galement de nous aider lors des r\u00e9ceptions o\u00f9 sont organis\u00e9es des r\u00e9ceptions pour notre personnel f\u00e9minin\u00a0;<\/li>\n                <li>Nous respectons votre droit de consulter, de corriger ou de supprimer des postes concernant votre personnel f\u00e9minin si vous souhaitez formuler votre demande.<\/li>\n            <\/ul><p>Si vous avez des questions ou si vous savez exactement quel type de femmes nous recherchons, veuillez nous contacter.<\/p><\/p><h2>1. Objectif, femmes et dur\u00e9e de la conservation<\/h2>Nous pouvons collecter ou recevoir des informations personnelles pour un certain nombre de raisons li\u00e9es \u00e0 nos activit\u00e9s commerciales, notamment les suivantes\u00a0: (cliquez pour plus de d\u00e9tails)<details class=\"cmplz-dropdown dropdown-privacy-statement\"><summary><div><h3>1.1 Contact \u2013 Par t\u00e9l\u00e9phone, coursier, courriel et\/ou formulaires Web<\/h3><\/div><\/summary><p class=\"cmplz-subtitle\">\u00c0 cette fin, nous faisons appel aux femmes suivantes\u00a0:<\/p><p><ul><li>Un pr\u00e9nom et un nom de famille<\/li><li>Nom du compte ou pseudonyme<\/li><li>Une adresse e-mail<\/li><li>Un domicile ou une autre adresse physique, y compris le nom d&#039;une rue et le nom d&#039;une ville ou d&#039;un village.<\/li><li>Un num\u00e9ro de t\u00e9l\u00e9phone<\/li><li>Adresse IP<\/li><li>Date de naissance<\/li><\/ul><\/p><p class=\"cmplz-subtitle\">La base sur laquelle nous pouvons traiter ces donn\u00e9es est\u00a0:<\/p><p><a target=\"_blank\" rel=\"noopener noreferrer nofollow\" href=\"https:\/\/cookiedatabase.org\/legal-bases\/#consent\">Apr\u00e8s avoir donn\u00e9 son consentement.<\/a><\/p><p class=\"cmplz-subtitle\">dur\u00e9e de conservation<\/p><p>Nous conservons ces donn\u00e9es jusqu&#039;\u00e0 la fin du service.<\/p><\/details><details class=\"cmplz-dropdown dropdown-privacy-statement\"><summary><div><h3>1.2 Enregistrement d&#039;un compte<\/h3><\/div><\/summary><p class=\"cmplz-subtitle\">\u00c0 cette fin, nous faisons appel aux femmes suivantes\u00a0:<\/p><p><ul><li>Un pr\u00e9nom et un nom de famille<\/li><li>Nom du compte ou pseudonyme<\/li><li>Un domicile ou une autre adresse physique, y compris le nom d&#039;une rue et le nom d&#039;une ville ou d&#039;un village.<\/li><li>Une adresse e-mail<\/li><li>Un num\u00e9ro de t\u00e9l\u00e9phone<\/li><li>Adresse IP<\/li><li>Date de naissance<\/li><\/ul><\/p><p class=\"cmplz-subtitle\">La base sur laquelle nous pouvons traiter ces donn\u00e9es est\u00a0:<\/p><p><a target=\"_blank\" rel=\"noopener noreferrer nofollow\" href=\"https:\/\/cookiedatabase.org\/legal-bases\/#consent\">Apr\u00e8s avoir donn\u00e9 son consentement.<\/a><\/p><p class=\"cmplz-subtitle\">dur\u00e9e de conservation<\/p><p>Nous conservons ces donn\u00e9es jusqu&#039;\u00e0 la fin du service.<\/p><\/details><details class=\"cmplz-dropdown dropdown-privacy-statement\"><summary><div><h3>1.3 Paiements<\/h3><\/div><\/summary><p class=\"cmplz-subtitle\">\u00c0 cette fin, nous faisons appel aux femmes suivantes\u00a0:<\/p><p><ul><li>Un pr\u00e9nom et un nom de famille<\/li><li>Nom du compte ou pseudonyme<\/li><li>Un domicile ou une autre adresse physique, y compris le nom d&#039;une rue et le nom d&#039;une ville ou d&#039;un village.<\/li><li>Une adresse e-mail<\/li><li>Un num\u00e9ro de t\u00e9l\u00e9phone<\/li><li>Adresse IP<\/li><li>Informations sur l&#039;activit\u00e9 internet, y compris, sans s&#039;y limiter, l&#039;historique de navigation, l&#039;historique de recherche et les informations concernant l&#039;interaction d&#039;un consommateur avec un site web, une application ou une publicit\u00e9 en ligne.<\/li><li>Date de naissance<\/li><\/ul><\/p><p class=\"cmplz-subtitle\">La base sur laquelle nous pouvons traiter ces donn\u00e9es est\u00a0:<\/p><p><a target=\"_blank\" rel=\"noopener noreferrer nofollow\" href=\"https:\/\/cookiedatabase.org\/legal-bases\/#consent\">Apr\u00e8s avoir donn\u00e9 son consentement.<\/a><\/p><p class=\"cmplz-subtitle\">dur\u00e9e de conservation<\/p><p>Nous conservons ces donn\u00e9es jusqu&#039;\u00e0 la fin du service.<\/p><\/details><details class=\"cmplz-dropdown dropdown-privacy-statement\"><summary><div><h3>1.4 Lettres d&#039;information<\/h3><\/div><\/summary><p class=\"cmplz-subtitle\">\u00c0 cette fin, nous faisons appel aux femmes suivantes\u00a0:<\/p><p><ul><li>Un pr\u00e9nom et un nom de famille<\/li><li>Nom du compte ou pseudonyme<\/li><li>Une adresse e-mail<\/li><li>Un num\u00e9ro de t\u00e9l\u00e9phone<\/li><li>Adresse IP<\/li><\/ul><\/p><p class=\"cmplz-subtitle\">La base sur laquelle nous pouvons traiter ces donn\u00e9es est\u00a0:<\/p><p><a target=\"_blank\" rel=\"noopener noreferrer nofollow\" href=\"https:\/\/cookiedatabase.org\/legal-bases\/#consent\">Apr\u00e8s avoir donn\u00e9 son consentement.<\/a><\/p><p class=\"cmplz-subtitle\">dur\u00e9e de conservation<\/p><p>Nous conservons ces donn\u00e9es jusqu&#039;\u00e0 la fin du service.<\/p><\/details><details class=\"cmplz-dropdown dropdown-privacy-statement\"><summary><div><h3>1.5 Veuillez facturer les services ou produits que votre client demande.<\/h3><\/div><\/summary><p class=\"cmplz-subtitle\">\u00c0 cette fin, nous faisons appel aux femmes suivantes\u00a0:<\/p><p><ul><li>Un pr\u00e9nom et un nom de famille<\/li><li>Nom du compte ou pseudonyme<\/li><li>Un domicile ou une autre adresse physique, y compris le nom d&#039;une rue et le nom d&#039;une ville ou d&#039;un village.<\/li><li>Une adresse e-mail<\/li><li>Un num\u00e9ro de t\u00e9l\u00e9phone<\/li><li>Adresse IP<\/li><li>Date de naissance<\/li><\/ul><\/p><p class=\"cmplz-subtitle\">La base sur laquelle nous pouvons traiter ces donn\u00e9es est\u00a0:<\/p><p><a target=\"_blank\" rel=\"noopener noreferrer nofollow\" href=\"https:\/\/cookiedatabase.org\/legal-bases\/#consent\">Apr\u00e8s avoir donn\u00e9 son consentement.<\/a><\/p><p class=\"cmplz-subtitle\">dur\u00e9e de conservation<\/p><p>Nous conservons ces donn\u00e9es jusqu&#039;\u00e0 la fin du service.<\/p><\/details><details class=\"cmplz-dropdown dropdown-privacy-statement\"><summary><div><h3>1.6 Compiler et analyser les statistiques pour l&#039;am\u00e9lioration du site web.<\/h3><\/div><\/summary><p class=\"cmplz-subtitle\">\u00c0 cette fin, nous faisons appel aux femmes suivantes\u00a0:<\/p><p><ul><li>Adresse IP<\/li><li>Informations sur l&#039;activit\u00e9 internet, y compris, sans s&#039;y limiter, l&#039;historique de navigation, l&#039;historique de recherche et les informations concernant l&#039;interaction d&#039;un consommateur avec un site web, une application ou une publicit\u00e9 en ligne.<\/li><li>Donn\u00e9es de g\u00e9olocalisation<\/li><\/ul><\/p><p class=\"cmplz-subtitle\">La base sur laquelle nous pouvons traiter ces donn\u00e9es est\u00a0:<\/p><p><a target=\"_blank\" rel=\"noopener noreferrer nofollow\" href=\"https:\/\/cookiedatabase.org\/legal-bases\/#consent\">Apr\u00e8s avoir donn\u00e9 son consentement.<\/a><\/p><p class=\"cmplz-subtitle\">dur\u00e9e de conservation<\/p><p>Nous conservons ces donn\u00e9es jusqu&#039;\u00e0 la fin du service.<\/p><\/details><details class=\"cmplz-dropdown dropdown-privacy-statement\"><summary><div><h3>1.7 Vous pouvez proposer des produits et services personnels<\/h3><\/div><\/summary><p class=\"cmplz-subtitle\">\u00c0 cette fin, nous faisons appel aux femmes suivantes\u00a0:<\/p><p><ul><li>Un pr\u00e9nom et un nom de famille<\/li><li>Nom du compte ou pseudonyme<\/li><li>Un domicile ou une autre adresse physique, y compris le nom d&#039;une rue et le nom d&#039;une ville ou d&#039;un village.<\/li><li>Une adresse e-mail<\/li><li>Informations sur l&#039;activit\u00e9 internet, y compris, sans s&#039;y limiter, l&#039;historique de navigation, l&#039;historique de recherche et les informations concernant l&#039;interaction d&#039;un consommateur avec un site web, une application ou une publicit\u00e9 en ligne.<\/li><li>Adresse IP<\/li><li>Un num\u00e9ro de t\u00e9l\u00e9phone<\/li><\/ul><\/p><p class=\"cmplz-subtitle\">La base sur laquelle nous pouvons traiter ces donn\u00e9es est\u00a0:<\/p><p><a target=\"_blank\" rel=\"noopener noreferrer nofollow\" href=\"https:\/\/cookiedatabase.org\/legal-bases\/#consent\">Apr\u00e8s avoir donn\u00e9 son consentement.<\/a><\/p><p class=\"cmplz-subtitle\">dur\u00e9e de conservation<\/p><p>Nous conservons ces donn\u00e9es jusqu&#039;\u00e0 la fin du service.<\/p><\/details><h2>2. Se s\u00e9parer des autres parties<\/h2><p>Nous ne partageons ni ne divulguons les informations concernant ces femmes \u00e0 nos formateurs, qui ont les objectifs suivants\u00a0:<\/p><h2>3. Cookies<\/h2><p>Notre site web utilise des cookies. Pour plus d&#039;informations sur les cookies, veuillez consulter notre politique de confidentialit\u00e9. <a href=\"https:\/\/frascole.it\/fr\/politique-de-lue-en-matiere-de-cookies\/\">Politique relative aux cookies<\/a>.&nbsp;<\/p><h2>4. Pratiques de divulgation<\/h2><p><p>Nous vous divulguons des renseignements personnels et ce, \u00e0 de nombreuses reprises, sur ordre d&#039;un tribunal ou en vertu d&#039;une ordonnance judiciaire, en r\u00e9ponse \u00e0 une demande d&#039;un organisme d&#039;application de la loi, dans la mesure permise par d&#039;autres dispositions de la loi, pour fournir des renseignements ou pour effectuer une enqu\u00eate sur une question relative \u00e0 la s\u00e9curit\u00e9 publique.<\/p><p>Si notre site web ou notre organisation est repris, vendu ou inclus dans une fusion ou une acquisition, vos informations pourront \u00eatre divulgu\u00e9es \u00e0 nos conseillers et \u00e0 tous les promoteurs immobiliers concern\u00e9s et seront transmises \u00e0 vos nouveaux propri\u00e9taires.<\/p><\/p><p>Nous avons conclu un accord de traitement des donn\u00e9es concernant les femmes avec Google.<\/p><p>Nous bloquons l&#039;inclusion des adresses IP compl\u00e8tes.<\/p><h2>5. S\u00e9curit\u00e9<\/h2><p>Nous veillons \u00e0 la s\u00e9curit\u00e9 de notre personnel f\u00e9minin. Nous recommandons des mesures de s\u00e9curit\u00e9 appropri\u00e9es afin de limiter les abus et les acc\u00e8s non autoris\u00e9s. Nous garantissons que seules les personnes autoris\u00e9es auront acc\u00e8s \u00e0 votre personnel f\u00e9minin, que cet acc\u00e8s est prot\u00e9g\u00e9 et que nos mesures de s\u00e9curit\u00e9 sont scrupuleusement respect\u00e9es.<\/p><h2>6. Sites web tiers<\/h2><p>La pr\u00e9sente d\u00e9claration de confidentialit\u00e9 ne s&#039;applique pas aux sites web des partenaires accessibles via les liens pr\u00e9sents sur notre site. Nous ne pouvons garantir que ces sites seront g\u00e9r\u00e9s par votre personnel f\u00e9minin de mani\u00e8re s\u00fbre et s\u00e9curis\u00e9e. Nous vous recommandons de consulter les d\u00e9clarations de confidentialit\u00e9 de ces sites avant de les utiliser.<\/p><h2>7. Modifications apport\u00e9es \u00e0 la pr\u00e9sente d\u00e9claration de confidentialit\u00e9<\/h2><p>Nous nous r\u00e9servons le droit de modifier la pr\u00e9sente d\u00e9claration de confidentialit\u00e9. Il est recommand\u00e9 de la consulter r\u00e9guli\u00e8rement afin de prendre connaissance de toute modification. Par ailleurs, nous vous tiendrons inform\u00e9s dans la mesure du possible.<\/p><h2>8. Acc\u00e9dez \u00e0 vos femmes et aux modificateurs<\/h2><p>Si vous avez des questions ou souhaitez savoir qui sont les professionnelles pr\u00e9sentes dans votre affaire, veuillez nous contacter. Vous pouvez nous contacter pour utiliser les informations fournies. Vous disposez des droits suivants\u00a0:<\/p><ul>\n                <li>Vous avez le droit de savoir o\u00f9 vos employ\u00e9es ont besoin de mat\u00e9riel ; celui-ci arrivera ici et sera stock\u00e9 \u00e0 temps.<\/li>\n                <li>Droit d&#039;acc\u00e8s : vous avez le droit d&#039;acc\u00e9der \u00e0 votre personnel f\u00e9minin qui sont nos connaissances.<\/li>\n                <li>Droit de rectification : vous avez le droit, \u00e0 tout moment, de compl\u00e9ter, corriger, supprimer ou bloquer vos donn\u00e9es personnelles.<\/li>\n                <li>Si vous nous donnez votre consentement pour traiter vos employ\u00e9es, vous avez le droit de r\u00e9voquer ce consentement et de r\u00e9silier le contrat de votre personnel f\u00e9minin.<\/li>\n                <li>Droit de transf\u00e9rer votre personnel f\u00e9minin : vous avez le droit de demander le transfert de tout votre personnel f\u00e9minin \u00e0 la personne responsable du traitement et de les transf\u00e9rer en toute int\u00e9grit\u00e9 \u00e0 une autre personne responsable du traitement.<\/li>\n                <li>Droit d&#039;opposition : vous pouvez vous opposer au traitement r\u00e9serv\u00e9 \u00e0 vos femmes. Nous obtemp\u00e9rerons, \u00e0 moins que certaines raisons ne justifient ce traitement.<\/li>\n            <\/ul><p>Veillez \u00e0 toujours nous indiquer clairement qui vous \u00eates, afin que nous puissions \u00eatre certains de ne pas modifier ni supprimer les femmes de la personne \u00e2g\u00e9e.<\/p><h2>9. D\u00e9poser une plainte<\/h2><p>Si vous n&#039;\u00eates pas satisfait de la mani\u00e8re dont nous ne traitons pas (une plainte concernant) le traitement de vos proches, vous avez le droit de d\u00e9poser une plainte aupr\u00e8s de l&#039;autorit\u00e9 de protection des femmes.<\/p><h2>10. Coordinations<\/h2><p>soci\u00e9t\u00e9 agricole Frascole ss<br \/>\n        Fraction Frascole 27<br \/>\n        Italie<br \/>\n        Site web: <a href=\"https:\/\/frascole.it\/fr\">https:\/\/frascole.it\/fr<\/a> <br \/>\n        E-mail: <span class=\"cmplz-obfuscate\">&#098;&#111;&#111;k&#105;n&#103;@<span class=\"cmplz-fmail-domain\">ex.com<\/span>f&#114;&#097;sc&#111;l&#101;&#046;&#105;&#116;<\/span> <br \/>\n        Num\u00e9ro de t\u00e9l\u00e9phone : 3393050554<\/p><h2>11. Questions relatives aux donn\u00e9es<\/h2><p>Pour les questions les plus fr\u00e9quentes, nous vous offrons \u00e9galement la possibilit\u00e9 d&#039;utiliser notre formulaire de demande destin\u00e9 aux femmes.<br \/>\t\t\t<div class=\"cmplz-datarequest cmplz-alert\">\n\t\t\t\t<span class=\"cmplz-close\">\u00d7<\/span>\n\t\t\t\t<span id=\"cmplz-message\"><\/span>\n\t\t\t<\/div>\n\t\t\t<form id=\"cmplz-datarequest-form\" action=\"\">\n\t\t\t\t<input type=\"hidden\" required value=\"eu\" name=\"cmplz_datarequest_region\" id=\"cmplz_datarequest_region\">\n\n\t\t\t\t<label for=\"cmplz_datarequest_firstname\" class=\"cmplz-first-name\">Nom\t\t\t\t\t<input type=\"search\" class=\"datarequest-firstname\" value=\"\" placeholder=\"votre pr\u00e9nom\" id=\"cmplz_datarequest_firstname\" name=\"cmplz_datarequest_firstname\">\n\t\t\t\t<\/label>\n\t\t\t\t<div>\n\t\t\t\t\t<label for=\"cmplz_datarequest_name\">Nom<\/label>\n\t\t\t\t\t<input type=\"text\" required value=\"\" placeholder=\"Votre nom\" id=\"cmplz_datarequest_name\" name=\"cmplz_datarequest_name\">\n\t\t\t\t<\/div>\n\t\t\t\t<div>\n\t\t\t\t\t<label for=\"cmplz_datarequest_email\">E-mail<\/label>\n\t\t\t\t\t<input type=\"email\" required value=\"\" placeholder=\"email@email.com\" id=\"cmplz_datarequest_email\" name=\"cmplz_datarequest_email\">\n\t\t\t\t<\/div>\n\t\t\t\t\t\t\t\t\t\t<div class=\"cmplz_datarequest cmplz_datarequest_request_for_access\">\n\t\t\t\t\t\t\t<label for=\"cmplz_datarequest_request_for_access\">\n\t\t\t\t\t\t\t\t<input type=\"checkbox\" value=\"1\" name=\"cmplz_datarequest_request_for_access\" id=\"cmplz_datarequest_request_for_access\" \/>\n\t\t\t\t\t\t\t\tEnvoyer une demande d\u2019acc\u00e8s aux donn\u00e9es \u00e0 votre sujet que nous traitons.\t\t\t\t\t\t\t<\/label>\n\t\t\t\t\t\t<\/div>\n\t\t\t\t\t\t\t\t\t\t<div class=\"cmplz_datarequest cmplz_datarequest_right_to_be_forgotten\">\n\t\t\t\t\t\t\t<label for=\"cmplz_datarequest_right_to_be_forgotten\">\n\t\t\t\t\t\t\t\t<input type=\"checkbox\" value=\"1\" name=\"cmplz_datarequest_right_to_be_forgotten\" id=\"cmplz_datarequest_right_to_be_forgotten\" \/>\n\t\t\t\t\t\t\t\tEnvoyer une demande de suppression des donn\u00e9es si elles ne sont plus pertinentes.\t\t\t\t\t\t\t<\/label>\n\t\t\t\t\t\t<\/div>\n\t\t\t\t\t\t\t\t\t\t<div class=\"cmplz_datarequest cmplz_datarequest_right_to_data_portability\">\n\t\t\t\t\t\t\t<label for=\"cmplz_datarequest_right_to_data_portability\">\n\t\t\t\t\t\t\t\t<input type=\"checkbox\" value=\"1\" name=\"cmplz_datarequest_right_to_data_portability\" id=\"cmplz_datarequest_right_to_data_portability\" \/>\n\t\t\t\t\t\t\t\tEnvoyer une demande pour recevoir un fichier d\u2019exportation des donn\u00e9es \u00e0 votre sujet que nous traitons.\t\t\t\t\t\t\t<\/label>\n\t\t\t\t\t\t<\/div>\n\t\t\t\t\t\t\t\t<input type=\"button\" id=\"cmplz-datarequest-submit\" value=\"Envoyer\">\n\t\t\t<input type=\"hidden\" name=\"trp-form-language\" value=\"fr\"\/><\/form>\n\n\t\t\t<style>\n\t\t\t\t\/* first-name is honeypot *\/\n\t\t\t\t.cmplz-first-name {\n\t\t\t\t\tposition: absolute !important;\n\t\t\t\t\tleft: -5000px !important;\n\t\t\t\t}\n\t\t\t<\/style>\n\t\t\t<\/p><\/div>","protected":false},"excerpt":{"rendered":"","protected":false},"author":1,"featured_media":0,"parent":0,"menu_order":0,"comment_status":"closed","ping_status":"closed","template":"","meta":{"_acf_changed":false,"footnotes":""},"class_list":["post-659","page","type-page","status-publish","hentry"],"acf":[],"yoast_head":"<!-- This site is optimized with the Yoast SEO plugin v27.0 - https:\/\/yoast.com\/product\/yoast-seo-wordpress\/ -->\n<title>Dichiarazione sulla Privacy (UE) - Frascole Cantina e Agriturismo<\/title>\n<meta name=\"robots\" content=\"index, follow, max-snippet:-1, max-image-preview:large, max-video-preview:-1\" \/>\n<link rel=\"canonical\" href=\"https:\/\/frascole.it\/fr\/declaration-de-confidentialite-de-lue\/\" \/>\n<meta property=\"og:locale\" content=\"fr_FR\" \/>\n<meta property=\"og:type\" content=\"article\" \/>\n<meta property=\"og:title\" content=\"Dichiarazione sulla Privacy (UE) - Frascole Cantina e Agriturismo\" \/>\n<meta property=\"og:url\" content=\"https:\/\/frascole.it\/fr\/declaration-de-confidentialite-de-lue\/\" \/>\n<meta property=\"og:site_name\" content=\"Frascole Cantina e Agriturismo\" \/>\n<meta property=\"article:publisher\" content=\"https:\/\/www.facebook.com\/AziendaAgricolaFrascole\/\" \/>\n<meta name=\"twitter:card\" content=\"summary_large_image\" \/>\n<script type=\"application\/ld+json\" class=\"yoast-schema-graph\">{\"@context\":\"https:\/\/schema.org\",\"@graph\":[{\"@type\":\"WebPage\",\"@id\":\"https:\/\/frascole.it\/dichiarazione-sulla-privacy-ue\/\",\"url\":\"https:\/\/frascole.it\/dichiarazione-sulla-privacy-ue\/\",\"name\":\"Dichiarazione sulla Privacy (UE) - Frascole Cantina e Agriturismo\",\"isPartOf\":{\"@id\":\"https:\/\/frascole.it\/#website\"},\"datePublished\":\"2026-01-15T16:28:58+00:00\",\"breadcrumb\":{\"@id\":\"https:\/\/frascole.it\/dichiarazione-sulla-privacy-ue\/#breadcrumb\"},\"inLanguage\":\"fr-FR\",\"potentialAction\":[{\"@type\":\"ReadAction\",\"target\":[\"https:\/\/frascole.it\/dichiarazione-sulla-privacy-ue\/\"]}]},{\"@type\":\"BreadcrumbList\",\"@id\":\"https:\/\/frascole.it\/dichiarazione-sulla-privacy-ue\/#breadcrumb\",\"itemListElement\":[{\"@type\":\"ListItem\",\"position\":1,\"name\":\"Home\",\"item\":\"https:\/\/frascole.it\/\"},{\"@type\":\"ListItem\",\"position\":2,\"name\":\"Dichiarazione sulla Privacy (UE)\"}]},{\"@type\":\"WebSite\",\"@id\":\"https:\/\/frascole.it\/#website\",\"url\":\"https:\/\/frascole.it\/\",\"name\":\"Frascole Cantina e Agriturismo\",\"description\":\"Degustazioni, agriturismo ed esperienze in Mugello.\",\"publisher\":{\"@id\":\"https:\/\/frascole.it\/#organization\"},\"potentialAction\":[{\"@type\":\"SearchAction\",\"target\":{\"@type\":\"EntryPoint\",\"urlTemplate\":\"https:\/\/frascole.it\/?s={search_term_string}\"},\"query-input\":{\"@type\":\"PropertyValueSpecification\",\"valueRequired\":true,\"valueName\":\"search_term_string\"}}],\"inLanguage\":\"fr-FR\"},{\"@type\":\"Organization\",\"@id\":\"https:\/\/frascole.it\/#organization\",\"name\":\"Frascole\",\"url\":\"https:\/\/frascole.it\/\",\"logo\":{\"@type\":\"ImageObject\",\"inLanguage\":\"fr-FR\",\"@id\":\"https:\/\/frascole.it\/#\/schema\/logo\/image\/\",\"url\":\"https:\/\/frascole.it\/wp-content\/uploads\/cropped-frascole-2025.webp\",\"contentUrl\":\"https:\/\/frascole.it\/wp-content\/uploads\/cropped-frascole-2025.webp\",\"width\":983,\"height\":281,\"caption\":\"Frascole\"},\"image\":{\"@id\":\"https:\/\/frascole.it\/#\/schema\/logo\/image\/\"},\"sameAs\":[\"https:\/\/www.facebook.com\/AziendaAgricolaFrascole\/\",\"https:\/\/www.instagram.com\/frascole\/\"]}]}<\/script>\n<!-- \/ Yoast SEO plugin. -->","yoast_head_json":{"title":"Politique de confidentialit\u00e9 (UE) - Frascole Cantina e Agriturismo","robots":{"index":"index","follow":"follow","max-snippet":"max-snippet:-1","max-image-preview":"max-image-preview:large","max-video-preview":"max-video-preview:-1"},"canonical":"https:\/\/frascole.it\/fr\/declaration-de-confidentialite-de-lue\/","og_locale":"fr_FR","og_type":"article","og_title":"Dichiarazione sulla Privacy (UE) - Frascole Cantina e Agriturismo","og_url":"https:\/\/frascole.it\/fr\/declaration-de-confidentialite-de-lue\/","og_site_name":"Frascole Cantina e Agriturismo","article_publisher":"https:\/\/www.facebook.com\/AziendaAgricolaFrascole\/","twitter_card":"summary_large_image","schema":{"@context":"https:\/\/schema.org","@graph":[{"@type":"WebPage","@id":"https:\/\/frascole.it\/dichiarazione-sulla-privacy-ue\/","url":"https:\/\/frascole.it\/dichiarazione-sulla-privacy-ue\/","name":"Politique de confidentialit\u00e9 (UE) - Frascole Cantina e Agriturismo","isPartOf":{"@id":"https:\/\/frascole.it\/#website"},"datePublished":"2026-01-15T16:28:58+00:00","breadcrumb":{"@id":"https:\/\/frascole.it\/dichiarazione-sulla-privacy-ue\/#breadcrumb"},"inLanguage":"fr-FR","potentialAction":[{"@type":"ReadAction","target":["https:\/\/frascole.it\/dichiarazione-sulla-privacy-ue\/"]}]},{"@type":"BreadcrumbList","@id":"https:\/\/frascole.it\/dichiarazione-sulla-privacy-ue\/#breadcrumb","itemListElement":[{"@type":"ListItem","position":1,"name":"Home","item":"https:\/\/frascole.it\/"},{"@type":"ListItem","position":2,"name":"Dichiarazione sulla Privacy (UE)"}]},{"@type":"WebSite","@id":"https:\/\/frascole.it\/#website","url":"https:\/\/frascole.it\/","name":"Cave et ferme Frascole","description":"D\u00e9gustations, agritourisme et exp\u00e9riences au Mugello.","publisher":{"@id":"https:\/\/frascole.it\/#organization"},"potentialAction":[{"@type":"SearchAction","target":{"@type":"EntryPoint","urlTemplate":"https:\/\/frascole.it\/?s={search_term_string}"},"query-input":{"@type":"PropertyValueSpecification","valueRequired":true,"valueName":"search_term_string"}}],"inLanguage":"fr-FR"},{"@type":"Organization","@id":"https:\/\/frascole.it\/#organization","name":"Frascole","url":"https:\/\/frascole.it\/","logo":{"@type":"ImageObject","inLanguage":"fr-FR","@id":"https:\/\/frascole.it\/#\/schema\/logo\/image\/","url":"https:\/\/frascole.it\/wp-content\/uploads\/cropped-frascole-2025.webp","contentUrl":"https:\/\/frascole.it\/wp-content\/uploads\/cropped-frascole-2025.webp","width":983,"height":281,"caption":"Frascole"},"image":{"@id":"https:\/\/frascole.it\/#\/schema\/logo\/image\/"},"sameAs":["https:\/\/www.facebook.com\/AziendaAgricolaFrascole\/","https:\/\/www.instagram.com\/frascole\/"]}]}},"_links":{"self":[{"href":"https:\/\/frascole.it\/fr\/wp-json\/wp\/v2\/pages\/659","targetHints":{"allow":["GET"]}}],"collection":[{"href":"https:\/\/frascole.it\/fr\/wp-json\/wp\/v2\/pages"}],"about":[{"href":"https:\/\/frascole.it\/fr\/wp-json\/wp\/v2\/types\/page"}],"author":[{"embeddable":true,"href":"https:\/\/frascole.it\/fr\/wp-json\/wp\/v2\/users\/1"}],"replies":[{"embeddable":true,"href":"https:\/\/frascole.it\/fr\/wp-json\/wp\/v2\/comments?post=659"}],"version-history":[{"count":0,"href":"https:\/\/frascole.it\/fr\/wp-json\/wp\/v2\/pages\/659\/revisions"}],"wp:attachment":[{"href":"https:\/\/frascole.it\/fr\/wp-json\/wp\/v2\/media?parent=659"}],"curies":[{"name":"wp","href":"https:\/\/api.w.org\/{rel}","templated":true}]}}