{"id":660,"date":"2026-01-15T16:28:58","date_gmt":"2026-01-15T16:28:58","guid":{"rendered":"https:\/\/frascole.it\/imprint\/"},"modified":"2026-01-15T16:28:58","modified_gmt":"2026-01-15T16:28:58","slug":"imprimer","status":"publish","type":"page","link":"https:\/\/frascole.it\/fr\/imprimer\/","title":{"rendered":"Imprimer"},"content":{"rendered":"<!-- Legal document generated by Complianz | GDPR\/CCPA Cookie Consent https:\/\/wordpress.org\/plugins\/complianz-gdpr -->\n<div id=\"cmplz-document\" class=\"cmplz-document impressum cmplz-document-all\"><p><i>Cette imprint a \u00e9t\u00e9 mise \u00e0 jour pour la derni\u00e8re fois le janvier 15, 2026.<\/i><\/p><p class=\"cmplz-subtitle\">Les propri\u00e9taires de ce site web sont :<\/p><p>Frascole soci\u00e9t\u00e9 agricole \u00e0 responsabilit\u00e9 limit\u00e9e<br>Fraction Frascole 27<br>Italie<br>E-mail:&nbsp;<span class=\"cmplz-obfuscate\">&#098;o&#111;&#107;&#105;&#110;g@<span class=\"cmplz-fmail-domain\">&#101;&#120;.&#099;o&#109;<\/span>fr&#097;&#115;&#099;ol&#101;&#046;&#105;t<\/span><br>Num\u00e9ro de t\u00e9l\u00e9phone : 3393050554<br>Num\u00e9ro de TVA intracommunautaire : IT04274960485<\/p><p class=\"cmplz-subtitle\">Le(s) repr\u00e9sentant(s) l\u00e9gal(aux) de la soci\u00e9t\u00e9 agricole simple Frascole soc. ss :<\/p><p>Enrico Lippi, Carlo Santoni<\/p><h2>1. G\u00e9n\u00e9ralit\u00e9s<\/h2><p class=\"cmplz-subtitle\">1.1 Veuillez vous inscrire aupr\u00e8s de la Chambre de commerce de Florence sous le num\u00e9ro de licence ou d&#039;enregistrement\u00a0:<\/p><p>FI 484982<\/p><p>Nous ne sommes ni dispos\u00e9s ni tenus de participer aux proc\u00e9dures de r\u00e8glement des litiges par une commission d&#039;arbitrage des consommateurs.<\/p><\/div>","protected":false},"excerpt":{"rendered":"","protected":false},"author":1,"featured_media":0,"parent":0,"menu_order":0,"comment_status":"closed","ping_status":"closed","template":"","meta":{"_acf_changed":false,"footnotes":""},"class_list":["post-660","page","type-page","status-publish","hentry"],"acf":[],"yoast_head":"<!-- This site is optimized with the Yoast SEO plugin v27.0 - https:\/\/yoast.com\/product\/yoast-seo-wordpress\/ -->\n<title>Imprint - Frascole Cantina e Agriturismo<\/title>\n<meta name=\"robots\" content=\"index, follow, max-snippet:-1, max-image-preview:large, max-video-preview:-1\" \/>\n<link rel=\"canonical\" href=\"https:\/\/frascole.it\/fr\/imprimer\/\" \/>\n<meta property=\"og:locale\" content=\"fr_FR\" \/>\n<meta property=\"og:type\" content=\"article\" \/>\n<meta property=\"og:title\" content=\"Imprint - Frascole Cantina e Agriturismo\" \/>\n<meta property=\"og:url\" content=\"https:\/\/frascole.it\/fr\/imprimer\/\" \/>\n<meta property=\"og:site_name\" content=\"Frascole Cantina e Agriturismo\" \/>\n<meta property=\"article:publisher\" content=\"https:\/\/www.facebook.com\/AziendaAgricolaFrascole\/\" \/>\n<meta name=\"twitter:card\" content=\"summary_large_image\" \/>\n<script type=\"application\/ld+json\" class=\"yoast-schema-graph\">{\"@context\":\"https:\/\/schema.org\",\"@graph\":[{\"@type\":\"WebPage\",\"@id\":\"https:\/\/frascole.it\/imprint\/\",\"url\":\"https:\/\/frascole.it\/imprint\/\",\"name\":\"Imprint - Frascole Cantina e Agriturismo\",\"isPartOf\":{\"@id\":\"https:\/\/frascole.it\/#website\"},\"datePublished\":\"2026-01-15T16:28:58+00:00\",\"breadcrumb\":{\"@id\":\"https:\/\/frascole.it\/imprint\/#breadcrumb\"},\"inLanguage\":\"fr-FR\",\"potentialAction\":[{\"@type\":\"ReadAction\",\"target\":[\"https:\/\/frascole.it\/imprint\/\"]}]},{\"@type\":\"BreadcrumbList\",\"@id\":\"https:\/\/frascole.it\/imprint\/#breadcrumb\",\"itemListElement\":[{\"@type\":\"ListItem\",\"position\":1,\"name\":\"Home\",\"item\":\"https:\/\/frascole.it\/\"},{\"@type\":\"ListItem\",\"position\":2,\"name\":\"Imprint\"}]},{\"@type\":\"WebSite\",\"@id\":\"https:\/\/frascole.it\/#website\",\"url\":\"https:\/\/frascole.it\/\",\"name\":\"Frascole Cantina e Agriturismo\",\"description\":\"Degustazioni, agriturismo ed esperienze in Mugello.\",\"publisher\":{\"@id\":\"https:\/\/frascole.it\/#organization\"},\"potentialAction\":[{\"@type\":\"SearchAction\",\"target\":{\"@type\":\"EntryPoint\",\"urlTemplate\":\"https:\/\/frascole.it\/?s={search_term_string}\"},\"query-input\":{\"@type\":\"PropertyValueSpecification\",\"valueRequired\":true,\"valueName\":\"search_term_string\"}}],\"inLanguage\":\"fr-FR\"},{\"@type\":\"Organization\",\"@id\":\"https:\/\/frascole.it\/#organization\",\"name\":\"Frascole\",\"url\":\"https:\/\/frascole.it\/\",\"logo\":{\"@type\":\"ImageObject\",\"inLanguage\":\"fr-FR\",\"@id\":\"https:\/\/frascole.it\/#\/schema\/logo\/image\/\",\"url\":\"https:\/\/frascole.it\/wp-content\/uploads\/cropped-frascole-2025.webp\",\"contentUrl\":\"https:\/\/frascole.it\/wp-content\/uploads\/cropped-frascole-2025.webp\",\"width\":983,\"height\":281,\"caption\":\"Frascole\"},\"image\":{\"@id\":\"https:\/\/frascole.it\/#\/schema\/logo\/image\/\"},\"sameAs\":[\"https:\/\/www.facebook.com\/AziendaAgricolaFrascole\/\",\"https:\/\/www.instagram.com\/frascole\/\"]}]}<\/script>\n<!-- \/ Yoast SEO plugin. -->","yoast_head_json":{"title":"Empreinte - Frascole Cave et Ferme","robots":{"index":"index","follow":"follow","max-snippet":"max-snippet:-1","max-image-preview":"max-image-preview:large","max-video-preview":"max-video-preview:-1"},"canonical":"https:\/\/frascole.it\/fr\/imprimer\/","og_locale":"fr_FR","og_type":"article","og_title":"Imprint - Frascole Cantina e Agriturismo","og_url":"https:\/\/frascole.it\/fr\/imprimer\/","og_site_name":"Frascole Cantina e Agriturismo","article_publisher":"https:\/\/www.facebook.com\/AziendaAgricolaFrascole\/","twitter_card":"summary_large_image","schema":{"@context":"https:\/\/schema.org","@graph":[{"@type":"WebPage","@id":"https:\/\/frascole.it\/imprint\/","url":"https:\/\/frascole.it\/imprint\/","name":"Empreinte - Frascole Cave et Ferme","isPartOf":{"@id":"https:\/\/frascole.it\/#website"},"datePublished":"2026-01-15T16:28:58+00:00","breadcrumb":{"@id":"https:\/\/frascole.it\/imprint\/#breadcrumb"},"inLanguage":"fr-FR","potentialAction":[{"@type":"ReadAction","target":["https:\/\/frascole.it\/imprint\/"]}]},{"@type":"BreadcrumbList","@id":"https:\/\/frascole.it\/imprint\/#breadcrumb","itemListElement":[{"@type":"ListItem","position":1,"name":"Home","item":"https:\/\/frascole.it\/"},{"@type":"ListItem","position":2,"name":"Imprint"}]},{"@type":"WebSite","@id":"https:\/\/frascole.it\/#website","url":"https:\/\/frascole.it\/","name":"Cave et ferme Frascole","description":"D\u00e9gustations, agritourisme et exp\u00e9riences au Mugello.","publisher":{"@id":"https:\/\/frascole.it\/#organization"},"potentialAction":[{"@type":"SearchAction","target":{"@type":"EntryPoint","urlTemplate":"https:\/\/frascole.it\/?s={search_term_string}"},"query-input":{"@type":"PropertyValueSpecification","valueRequired":true,"valueName":"search_term_string"}}],"inLanguage":"fr-FR"},{"@type":"Organization","@id":"https:\/\/frascole.it\/#organization","name":"Frascole","url":"https:\/\/frascole.it\/","logo":{"@type":"ImageObject","inLanguage":"fr-FR","@id":"https:\/\/frascole.it\/#\/schema\/logo\/image\/","url":"https:\/\/frascole.it\/wp-content\/uploads\/cropped-frascole-2025.webp","contentUrl":"https:\/\/frascole.it\/wp-content\/uploads\/cropped-frascole-2025.webp","width":983,"height":281,"caption":"Frascole"},"image":{"@id":"https:\/\/frascole.it\/#\/schema\/logo\/image\/"},"sameAs":["https:\/\/www.facebook.com\/AziendaAgricolaFrascole\/","https:\/\/www.instagram.com\/frascole\/"]}]}},"_links":{"self":[{"href":"https:\/\/frascole.it\/fr\/wp-json\/wp\/v2\/pages\/660","targetHints":{"allow":["GET"]}}],"collection":[{"href":"https:\/\/frascole.it\/fr\/wp-json\/wp\/v2\/pages"}],"about":[{"href":"https:\/\/frascole.it\/fr\/wp-json\/wp\/v2\/types\/page"}],"author":[{"embeddable":true,"href":"https:\/\/frascole.it\/fr\/wp-json\/wp\/v2\/users\/1"}],"replies":[{"embeddable":true,"href":"https:\/\/frascole.it\/fr\/wp-json\/wp\/v2\/comments?post=660"}],"version-history":[{"count":0,"href":"https:\/\/frascole.it\/fr\/wp-json\/wp\/v2\/pages\/660\/revisions"}],"wp:attachment":[{"href":"https:\/\/frascole.it\/fr\/wp-json\/wp\/v2\/media?parent=660"}],"curies":[{"name":"wp","href":"https:\/\/api.w.org\/{rel}","templated":true}]}}