{"id":661,"date":"2026-01-15T16:28:58","date_gmt":"2026-01-15T16:28:58","guid":{"rendered":"https:\/\/frascole.it\/disconoscimento\/"},"modified":"2026-01-15T16:28:58","modified_gmt":"2026-01-15T16:28:58","slug":"desaveu","status":"publish","type":"page","link":"https:\/\/frascole.it\/fr\/desaveu\/","title":{"rendered":"Clause de non-responsabilit\u00e9"},"content":{"rendered":"<!-- Legal document generated by Complianz | GDPR\/CCPA Cookie Consent https:\/\/wordpress.org\/plugins\/complianz-gdpr -->\n<div id=\"cmplz-document\" class=\"cmplz-document disclaimer cmplz-document-all\"><p>La soci\u00e9t\u00e9 Frascole, sp\u00e9cialis\u00e9e dans l&#039;agriculture, s&#039;engage \u00e0 maintenir ce site web \u00e0 jour quotidiennement. Si vous rencontrez un probl\u00e8me ou si des informations obsol\u00e8tes sont pr\u00e9sentes, nous vous en informerons s\u00e9rieusement. Veuillez noter que le site peut contenir des erreurs. Nos examinateurs veillent \u00e0 ne pas les corriger. Veuillez envoyer votre r\u00e9ponse par courriel \u00e0\u00a0: <span class=\"cmplz-obfuscate\">b&#111;o&#107;&#105;n&#103;@<span class=\"cmplz-fmail-domain\">ex.com<\/span>&#102;&#114;&#097;sc&#111;le.it<\/span>.<\/p><p>Nous ne sommes pas responsables des dommages r\u00e9sultant d&#039;inactions ou de n\u00e9gligences, ni des dommages r\u00e9sultant de probl\u00e8mes caus\u00e9s par ou li\u00e9s \u00e0 la diffusion d&#039;informations sur Internet, tels que des perturbations ou des interruptions. Lors de l&#039;utilisation de formulaires Web, nous nous effor\u00e7ons de limiter au minimum le nombre de champs obligatoires. Veuillez consulter la liste des utilisations des femmes, des conseils ou des id\u00e9es fournis par ou sous le nom de Frascole soc. agricole ss via ce site Web. Frascole soc. agricole ss assume certaines responsabilit\u00e9s.<\/p><p>Les r\u00e9ponses et les demandes de retour personnalis\u00e9 sont trait\u00e9es par courriel ou via un formulaire en ligne, de la m\u00eame mani\u00e8re que pour les courriers. Par cons\u00e9quent, le d\u00e9lai de r\u00e9ponse peut \u00eatre l\u00e9g\u00e8rement plus long. Pour les demandes complexes, nous vous informerons dans un d\u00e9lai maximum de trois mois.<\/p><p>Conform\u00e9ment \u00e0 notre d\u00e9claration de confidentialit\u00e9, il ne faut pas utiliser le personnel f\u00e9minin qui nous fournit des informations concernant votre r\u00e9ponse ou votre demande d&#039;informations.<\/p><p>Frascole soc. Agricultural ss doit faire tous les efforts possibles pour prot\u00e9ger vos syst\u00e8mes contre toute forme d&#039;utilisation illicite. Frascole soc. Les SS agricoles doivent mesurer en \u0153uvre les mesures techniques et organisationnelles appropri\u00e9es \u00e0 cette fin, en tenant compte, entre autres, de l&#039;\u00e9tat de l&#039;art. Toutefois, il saurait \u00eatre tenu pour responsable de pr\u00e9judice que soit, direct et\/ou indirect, subi par un utilisateur du site web, r\u00e9sultant de l&#039;utilisation ill\u00e9gale de ses syst\u00e8mes par une tierce partie.<\/p><p>La soci\u00e9t\u00e9 Frascole soc. Agricola ss d\u00e9cline toute responsabilit\u00e9 quant au contenu des autres sites web ou des liens hypertextes ou autres r\u00e9f\u00e9rences que vous pourriez y trouver. Les produits ou services propos\u00e9s par les tiers sont soumis \u00e0 leurs propres conditions g\u00e9n\u00e9rales.<\/p><p>Tous les droits de propri\u00e9t\u00e9 intellectuelle concernant le contenu de ce site web sont la propri\u00e9t\u00e9 de Frascole soc. agricultural ss.<\/p><p>La copie, la diffusion et toute autre utilisation de ces documents sont interdites sans l&#039;autorisation \u00e9crite de Frascole soc. agricultural ss. Veuillez noter que dans la mesure o\u00f9 la stipulation est obligatoire (voir le droit de citer), veuillez indiquer le contraire du contenu.<\/p><p>Si vous avez des questions ou des probl\u00e8mes d&#039;accessibilit\u00e9 du site, n&#039;h\u00e9sitez pas \u00e0 nous contacter.<\/p><\/div>","protected":false},"excerpt":{"rendered":"","protected":false},"author":1,"featured_media":0,"parent":0,"menu_order":0,"comment_status":"closed","ping_status":"closed","template":"","meta":{"_acf_changed":false,"footnotes":""},"class_list":["post-661","page","type-page","status-publish","hentry"],"acf":[],"yoast_head":"<!-- This site is optimized with the Yoast SEO plugin v27.0 - https:\/\/yoast.com\/product\/yoast-seo-wordpress\/ -->\n<title>Disconoscimento - Frascole Cantina e Agriturismo<\/title>\n<meta name=\"robots\" content=\"index, follow, max-snippet:-1, max-image-preview:large, max-video-preview:-1\" \/>\n<link rel=\"canonical\" href=\"https:\/\/frascole.it\/fr\/desaveu\/\" \/>\n<meta property=\"og:locale\" content=\"fr_FR\" \/>\n<meta property=\"og:type\" content=\"article\" \/>\n<meta property=\"og:title\" content=\"Disconoscimento - Frascole Cantina e Agriturismo\" \/>\n<meta property=\"og:url\" content=\"https:\/\/frascole.it\/fr\/desaveu\/\" \/>\n<meta property=\"og:site_name\" content=\"Frascole Cantina e Agriturismo\" \/>\n<meta property=\"article:publisher\" content=\"https:\/\/www.facebook.com\/AziendaAgricolaFrascole\/\" \/>\n<meta name=\"twitter:card\" content=\"summary_large_image\" \/>\n<script type=\"application\/ld+json\" class=\"yoast-schema-graph\">{\"@context\":\"https:\/\/schema.org\",\"@graph\":[{\"@type\":\"WebPage\",\"@id\":\"https:\/\/frascole.it\/disconoscimento\/\",\"url\":\"https:\/\/frascole.it\/disconoscimento\/\",\"name\":\"Disconoscimento - Frascole Cantina e Agriturismo\",\"isPartOf\":{\"@id\":\"https:\/\/frascole.it\/#website\"},\"datePublished\":\"2026-01-15T16:28:58+00:00\",\"breadcrumb\":{\"@id\":\"https:\/\/frascole.it\/disconoscimento\/#breadcrumb\"},\"inLanguage\":\"fr-FR\",\"potentialAction\":[{\"@type\":\"ReadAction\",\"target\":[\"https:\/\/frascole.it\/disconoscimento\/\"]}]},{\"@type\":\"BreadcrumbList\",\"@id\":\"https:\/\/frascole.it\/disconoscimento\/#breadcrumb\",\"itemListElement\":[{\"@type\":\"ListItem\",\"position\":1,\"name\":\"Home\",\"item\":\"https:\/\/frascole.it\/\"},{\"@type\":\"ListItem\",\"position\":2,\"name\":\"Disconoscimento\"}]},{\"@type\":\"WebSite\",\"@id\":\"https:\/\/frascole.it\/#website\",\"url\":\"https:\/\/frascole.it\/\",\"name\":\"Frascole Cantina e Agriturismo\",\"description\":\"Degustazioni, agriturismo ed esperienze in Mugello.\",\"publisher\":{\"@id\":\"https:\/\/frascole.it\/#organization\"},\"potentialAction\":[{\"@type\":\"SearchAction\",\"target\":{\"@type\":\"EntryPoint\",\"urlTemplate\":\"https:\/\/frascole.it\/?s={search_term_string}\"},\"query-input\":{\"@type\":\"PropertyValueSpecification\",\"valueRequired\":true,\"valueName\":\"search_term_string\"}}],\"inLanguage\":\"fr-FR\"},{\"@type\":\"Organization\",\"@id\":\"https:\/\/frascole.it\/#organization\",\"name\":\"Frascole\",\"url\":\"https:\/\/frascole.it\/\",\"logo\":{\"@type\":\"ImageObject\",\"inLanguage\":\"fr-FR\",\"@id\":\"https:\/\/frascole.it\/#\/schema\/logo\/image\/\",\"url\":\"https:\/\/frascole.it\/wp-content\/uploads\/cropped-frascole-2025.webp\",\"contentUrl\":\"https:\/\/frascole.it\/wp-content\/uploads\/cropped-frascole-2025.webp\",\"width\":983,\"height\":281,\"caption\":\"Frascole\"},\"image\":{\"@id\":\"https:\/\/frascole.it\/#\/schema\/logo\/image\/\"},\"sameAs\":[\"https:\/\/www.facebook.com\/AziendaAgricolaFrascole\/\",\"https:\/\/www.instagram.com\/frascole\/\"]}]}<\/script>\n<!-- \/ Yoast SEO plugin. -->","yoast_head_json":{"title":"Avertissement - Domaine viticole et ferme Frascole","robots":{"index":"index","follow":"follow","max-snippet":"max-snippet:-1","max-image-preview":"max-image-preview:large","max-video-preview":"max-video-preview:-1"},"canonical":"https:\/\/frascole.it\/fr\/desaveu\/","og_locale":"fr_FR","og_type":"article","og_title":"Disconoscimento - Frascole Cantina e Agriturismo","og_url":"https:\/\/frascole.it\/fr\/desaveu\/","og_site_name":"Frascole Cantina e Agriturismo","article_publisher":"https:\/\/www.facebook.com\/AziendaAgricolaFrascole\/","twitter_card":"summary_large_image","schema":{"@context":"https:\/\/schema.org","@graph":[{"@type":"WebPage","@id":"https:\/\/frascole.it\/disconoscimento\/","url":"https:\/\/frascole.it\/disconoscimento\/","name":"Avertissement - Domaine viticole et ferme Frascole","isPartOf":{"@id":"https:\/\/frascole.it\/#website"},"datePublished":"2026-01-15T16:28:58+00:00","breadcrumb":{"@id":"https:\/\/frascole.it\/disconoscimento\/#breadcrumb"},"inLanguage":"fr-FR","potentialAction":[{"@type":"ReadAction","target":["https:\/\/frascole.it\/disconoscimento\/"]}]},{"@type":"BreadcrumbList","@id":"https:\/\/frascole.it\/disconoscimento\/#breadcrumb","itemListElement":[{"@type":"ListItem","position":1,"name":"Home","item":"https:\/\/frascole.it\/"},{"@type":"ListItem","position":2,"name":"Disconoscimento"}]},{"@type":"WebSite","@id":"https:\/\/frascole.it\/#website","url":"https:\/\/frascole.it\/","name":"Cave et ferme Frascole","description":"D\u00e9gustations, agritourisme et exp\u00e9riences au Mugello.","publisher":{"@id":"https:\/\/frascole.it\/#organization"},"potentialAction":[{"@type":"SearchAction","target":{"@type":"EntryPoint","urlTemplate":"https:\/\/frascole.it\/?s={search_term_string}"},"query-input":{"@type":"PropertyValueSpecification","valueRequired":true,"valueName":"search_term_string"}}],"inLanguage":"fr-FR"},{"@type":"Organization","@id":"https:\/\/frascole.it\/#organization","name":"Frascole","url":"https:\/\/frascole.it\/","logo":{"@type":"ImageObject","inLanguage":"fr-FR","@id":"https:\/\/frascole.it\/#\/schema\/logo\/image\/","url":"https:\/\/frascole.it\/wp-content\/uploads\/cropped-frascole-2025.webp","contentUrl":"https:\/\/frascole.it\/wp-content\/uploads\/cropped-frascole-2025.webp","width":983,"height":281,"caption":"Frascole"},"image":{"@id":"https:\/\/frascole.it\/#\/schema\/logo\/image\/"},"sameAs":["https:\/\/www.facebook.com\/AziendaAgricolaFrascole\/","https:\/\/www.instagram.com\/frascole\/"]}]}},"_links":{"self":[{"href":"https:\/\/frascole.it\/fr\/wp-json\/wp\/v2\/pages\/661","targetHints":{"allow":["GET"]}}],"collection":[{"href":"https:\/\/frascole.it\/fr\/wp-json\/wp\/v2\/pages"}],"about":[{"href":"https:\/\/frascole.it\/fr\/wp-json\/wp\/v2\/types\/page"}],"author":[{"embeddable":true,"href":"https:\/\/frascole.it\/fr\/wp-json\/wp\/v2\/users\/1"}],"replies":[{"embeddable":true,"href":"https:\/\/frascole.it\/fr\/wp-json\/wp\/v2\/comments?post=661"}],"version-history":[{"count":0,"href":"https:\/\/frascole.it\/fr\/wp-json\/wp\/v2\/pages\/661\/revisions"}],"wp:attachment":[{"href":"https:\/\/frascole.it\/fr\/wp-json\/wp\/v2\/media?parent=661"}],"curies":[{"name":"wp","href":"https:\/\/api.w.org\/{rel}","templated":true}]}}